{"id":78,"date":"2019-12-03T22:00:59","date_gmt":"2019-12-03T21:00:59","guid":{"rendered":"https:\/\/modernecontainer.de\/index.php\/pawilon-6\/"},"modified":"2025-08-27T19:00:13","modified_gmt":"2025-08-27T17:00:13","slug":"pawilon-6","status":"publish","type":"page","link":"https:\/\/modernecontainer.de\/index.php\/pawilon-6\/","title":{"rendered":"PAWILON 6"},"content":{"rendered":"<p>[et_pb_section fb_built=&#8221;1&#8243; _builder_version=&#8221;4.16&#8243; global_colors_info=&#8221;{}&#8221;][et_pb_row column_structure=&#8221;1_3,2_3&#8243; _builder_version=&#8221;4.16&#8243; width=&#8221;84.8%&#8221; custom_padding=&#8221;|||0px||&#8221; global_colors_info=&#8221;{}&#8221;][et_pb_column type=&#8221;1_3&#8243; _builder_version=&#8221;4.16&#8243; global_colors_info=&#8221;{}&#8221;][et_pb_text _builder_version=&#8221;4.16&#8243; header_font=&#8221;Poppins|600||on|||||&#8221; header_text_color=&#8221;#181724&#8243; header_font_size=&#8221;35px&#8221; header_line_height=&#8221;1.2em&#8221; header_font_size_tablet=&#8221;&#8221; header_font_size_phone=&#8221;25px&#8221; header_font_size_last_edited=&#8221;on|desktop&#8221; global_colors_info=&#8221;{}&#8221;]<\/p>\n<h1>\nPAVILON 6<br \/>\n<\/h1>\n<p>[\/et_pb_text][et_pb_divider color=&#8221;#C11414&#8243; divider_weight=&#8221;4px&#8221; _builder_version=&#8221;4.16&#8243; max_width=&#8221;60px&#8221; module_alignment=&#8221;left&#8221; custom_margin=&#8221;-9px||&#8221; custom_margin_tablet=&#8221;-22px||16px&#8221; custom_margin_phone=&#8221;-24px||15px&#8221; custom_margin_last_edited=&#8221;on|tablet&#8221; global_colors_info=&#8221;{}&#8221;][\/et_pb_divider][et_pb_text _builder_version=&#8221;4.27.4&#8243; text_font=&#8221;Poppins||||||||&#8221; text_text_color=&#8221;#171724&#8243; text_font_size=&#8221;15px&#8221; text_line_height=&#8221;2em&#8221; max_width=&#8221;516px&#8221; max_width_tablet=&#8221;100%&#8221; max_width_phone=&#8221;&#8221; max_width_last_edited=&#8221;on|desktop&#8221; custom_margin=&#8221;-15px||&#8221; custom_padding=&#8221;|||||true&#8221; hover_enabled=&#8221;0&#8243; text_text_align=&#8221;left&#8221; global_colors_info=&#8221;{}&#8221; sticky_enabled=&#8221;0&#8243;]<\/p>\n<p><span>Sehr gute Qualit\u00e4t,<\/span><br \/><span>Wir produzieren seit mehreren Jahren Pavillons<\/span><\/p>\n<p><span>Aufbau mit Haken + Entladen mit unserem Kran im Preis des Pavillons enthalten<\/span><\/p>\n<p><strong><span style=\"color: #ff0000;\">Wir haben Au\u00dfendekorationen aus Echtholz oder Blechimitat Holz<\/span><\/strong><\/p>\n<p><strong><span style=\"color: #ff0000;\">Aktionspreis,<\/span><\/strong><\/p>\n<p><strong><span style=\"color: #ff0000;\"><\/span><\/strong><\/p>\n<p><strong><span style=\"color: #ff0000;\">\u00a0 \u00a07&#215;3 &#8211;\u00a0 9999 <\/span><\/strong><strong><span style=\"color: #ff0000;\">euro netto +\u00a0 KRAN FREE Aktionspreis !!!!!!!<\/span><\/strong><\/p>\n<p><strong><span style=\"color: #ff0000;\">\u00a0<\/span><\/strong><strong><span style=\"color: #ff0000;\"> 6x3m\u00a0 &#8211; 8999 euro netto +\u00a0 KRAN FREE Aktionspreis !!!!!!!<\/span><\/strong><\/p>\n<p>&nbsp;<\/p>\n<p><span style=\"color: #ff0000;\">6&#215;3 &#8211;\u00a0 2 wahl\u00a0 &#8211; neu, nie benutzt, aber die Qualit\u00e4t der W\u00e4nde ist 2. Klasse &#8211; m\u00f6gliche Kratzer und Dellen oder ein anderer Farbton der Wandfarbe &#8211; 8899 euro netto<\/span><\/p>\n<p>&nbsp;<\/p>\n<p>Minik\u00fcche mit Warmwasserbereitung EUR 899 netto<\/p>\n<p>Toilette mit Waschbecken und Waschbeckenschrank + Warmwasserbereitung 1099 euro netto<\/p>\n<p>&nbsp;<\/p>\n<p>&nbsp;<\/p>\n<p><span>F\u00fcr Unternehmen mit EU USt-IdNr. wird keine MwSt. berechnet (Preis gleich Mitnahmepreis).<\/span><br \/><span>Produktion in zwei Wochen<\/span><br \/><span>Transport ist im Preis inbegriffen<\/span><\/p>\n<p><span>WC (Toilette + Sp\u00fcle + Schrank f\u00fcr Sp\u00fcle + Warmwasserbereiter) -1099 euro netto<\/span><\/p>\n<p><span>12 Monate Gew\u00e4hrleistung<\/span><\/p>\n<p><span>Der Boden besteht aus Sandwichelementen mit einem Kern aus 100 mm Polyurethan. W\u00e4rmedurchl\u00e4ssigkeit 0,21 W \/ m2K. Feuerhemmendes Polyurethan mit PVC-Bodenbelag der Feuerwiderstandsklasse E60 OSB 12 mm.<\/span><\/p>\n<p><span>.LED-Beleuchtung ( 2x 36w )<\/span><br \/><span>12 Monate Gew\u00e4hrleistung<\/span><br \/><span>Verkaufspavillon Verkaufscontainer B\u00fcrocontainer Handel Kiosk Designerb\u00fcro<\/span><\/p>\n<p><span>Klimaanlage mit Heizm\u00f6glichkeit an kalten Tagen &#8211; 1099 euro netto<\/span><\/p>\n<p><span>Pavillons mit voller Elektrik &#8211; Schalter x 2 Stk., Doppelsteckdose x 2 Stk. Kasten mit Sicherungen, alle in Streifen verteilt.<\/span><br \/><span>Sites x2 + verglaste Aluminiumt\u00fcren.<\/span><\/p>\n<p><span>Bei Ausf\u00fchrung der Bestellung ist zun\u00e4chst eine Zahlung von 15% auf das Konto Der Restbetrag ist bei Lieferung zu zahlen<\/span><\/p>\n<p><span>Der Preis beinhaltet den Transport + KRAN<\/span><\/p>\n<p>[\/et_pb_text][\/et_pb_column][et_pb_column type=&#8221;2_3&#8243; _builder_version=&#8221;4.16&#8243; global_colors_info=&#8221;{}&#8221;][et_pb_gallery gallery_ids=&#8221;1647,1648,1649,1394,1650,1651,1652,1653,1654,1668,1669,1956,2304,2303,2302&#8243; posts_number=&#8221;25&#8243; show_title_and_caption=&#8221;off&#8221; show_pagination=&#8221;off&#8221; zoom_icon_color=&#8221;#000000&#8243; hover_overlay_color=&#8221;rgba(255,255,255,0.49)&#8221; hover_icon=&#8221;&#x54;||divi||400&#8243; _builder_version=&#8221;4.27.4&#8243; global_colors_info=&#8221;{}&#8221;][\/et_pb_gallery][\/et_pb_column][\/et_pb_row][\/et_pb_section][et_pb_section fb_built=&#8221;1&#8243; _builder_version=&#8221;4.16&#8243; background_color=&#8221;#15224D&#8221; custom_padding=&#8221;55px||55px||true|&#8221; global_colors_info=&#8221;{}&#8221;][et_pb_row use_custom_gutter=&#8221;on&#8221; gutter_width=&#8221;2&#8243; make_equal=&#8221;on&#8221; _builder_version=&#8221;4.16&#8243; width=&#8221;98%&#8221; width_tablet=&#8221;90%&#8221; width_phone=&#8221;90%&#8221; width_last_edited=&#8221;on|tablet&#8221; max_width=&#8221;1140px&#8221; max_width_tablet=&#8221;90%&#8221; max_width_phone=&#8221;90%&#8221; max_width_last_edited=&#8221;on|phone&#8221; custom_padding=&#8221;|||||&#8221; global_colors_info=&#8221;{}&#8221;][et_pb_column type=&#8221;4_4&#8243; _builder_version=&#8221;4.16&#8243; global_colors_info=&#8221;{}&#8221;][et_pb_text _builder_version=&#8221;4.16&#8243; header_font=&#8221;Poppins|600||on|||||&#8221; header_text_align=&#8221;left&#8221; header_text_color=&#8221;#ffffff&#8221; header_font_size=&#8221;28px&#8221; header_line_height=&#8221;1.2em&#8221; custom_padding=&#8221;5px||&#8221; header_font_size_tablet=&#8221;&#8221; header_font_size_phone=&#8221;25px&#8221; header_font_size_last_edited=&#8221;on|desktop&#8221; global_colors_info=&#8221;{}&#8221;]<\/p>\n<h1 style=\"text-align: center;\">E-mail<\/p>\n<p>KOMMERZIELLE PAVILLONS<br \/>\n<\/h1>\n<p>[\/et_pb_text][\/et_pb_column][\/et_pb_row][\/et_pb_section]<\/p>\n","protected":false},"excerpt":{"rendered":"<p>PAVILON 6 Sehr gute Qualit\u00e4t,Wir produzieren seit mehreren Jahren Pavillons Aufbau mit Haken + Entladen mit unserem Kran im Preis des Pavillons enthalten Wir haben Au\u00dfendekorationen aus Echtholz oder Blechimitat Holz Aktionspreis, \u00a0 \u00a07&#215;3 &#8211;\u00a0 9999 euro netto +\u00a0 KRAN FREE Aktionspreis !!!!!!! \u00a0 6x3m\u00a0 &#8211; 8999 euro netto +\u00a0 KRAN FREE Aktionspreis !!!!!!! &nbsp; [&hellip;]<\/p>\n","protected":false},"author":1,"featured_media":0,"parent":0,"menu_order":0,"comment_status":"closed","ping_status":"closed","template":"","meta":{"_et_pb_use_builder":"on","_et_pb_old_content":"","_et_gb_content_width":"","footnotes":""},"class_list":["post-78","page","type-page","status-publish","hentry"],"yoast_head":"<!-- This site is optimized with the Yoast SEO plugin v27.4 - https:\/\/yoast.com\/product\/yoast-seo-wordpress\/ -->\n<title>B\u00fcrocontainer - Dampol<\/title>\n<meta name=\"description\" content=\"B\u00fcrocontainer Wir produzieren Container und B\u00fcrocontainer f\u00fcr Unternehmen und Privathaushalte in verschiedenen Gr\u00f6\u00dfen\" \/>\n<meta name=\"robots\" content=\"index, follow, max-snippet:-1, max-image-preview:large, max-video-preview:-1\" \/>\n<link rel=\"canonical\" href=\"https:\/\/modernecontainer.de\/index.php\/pawilon-6\/\" \/>\n<meta property=\"og:locale\" content=\"pl_PL\" \/>\n<meta property=\"og:type\" content=\"article\" \/>\n<meta property=\"og:title\" content=\"B\u00fcrocontainer - Dampol\" \/>\n<meta property=\"og:description\" content=\"B\u00fcrocontainer Wir produzieren Container und B\u00fcrocontainer f\u00fcr Unternehmen und Privathaushalte in verschiedenen Gr\u00f6\u00dfen\" \/>\n<meta property=\"og:url\" content=\"https:\/\/modernecontainer.de\/index.php\/pawilon-6\/\" \/>\n<meta property=\"og:site_name\" content=\"B\u00fcrocontainer Mederne Cointainer\" \/>\n<meta property=\"article:publisher\" content=\"http:\/\/modernecontainer.de\" \/>\n<meta property=\"article:modified_time\" content=\"2025-08-27T17:00:13+00:00\" \/>\n<meta name=\"twitter:card\" content=\"summary_large_image\" \/>\n<meta name=\"twitter:site\" content=\"@DAMPOL\" \/>\n<meta name=\"twitter:label1\" content=\"Szacowany czas czytania\" \/>\n\t<meta name=\"twitter:data1\" content=\"3 minuty\" \/>\n<script type=\"application\/ld+json\" class=\"yoast-schema-graph\">{\"@context\":\"https:\\\/\\\/schema.org\",\"@graph\":[{\"@type\":\"WebPage\",\"@id\":\"https:\\\/\\\/modernecontainer.de\\\/index.php\\\/pawilon-6\\\/\",\"url\":\"https:\\\/\\\/modernecontainer.de\\\/index.php\\\/pawilon-6\\\/\",\"name\":\"B\u00fcrocontainer - Dampol\",\"isPartOf\":{\"@id\":\"https:\\\/\\\/modernecontainer.de\\\/#website\"},\"datePublished\":\"2019-12-03T21:00:59+00:00\",\"dateModified\":\"2025-08-27T17:00:13+00:00\",\"description\":\"B\u00fcrocontainer Wir produzieren Container und B\u00fcrocontainer f\u00fcr Unternehmen und Privathaushalte in verschiedenen Gr\u00f6\u00dfen\",\"breadcrumb\":{\"@id\":\"https:\\\/\\\/modernecontainer.de\\\/index.php\\\/pawilon-6\\\/#breadcrumb\"},\"inLanguage\":\"pl-PL\",\"potentialAction\":[{\"@type\":\"ReadAction\",\"target\":[\"https:\\\/\\\/modernecontainer.de\\\/index.php\\\/pawilon-6\\\/\"]}]},{\"@type\":\"BreadcrumbList\",\"@id\":\"https:\\\/\\\/modernecontainer.de\\\/index.php\\\/pawilon-6\\\/#breadcrumb\",\"itemListElement\":[{\"@type\":\"ListItem\",\"position\":1,\"name\":\"Home\",\"item\":\"https:\\\/\\\/modernecontainer.de\\\/\"},{\"@type\":\"ListItem\",\"position\":2,\"name\":\"PAWILON 6\"}]},{\"@type\":\"WebSite\",\"@id\":\"https:\\\/\\\/modernecontainer.de\\\/#website\",\"url\":\"https:\\\/\\\/modernecontainer.de\\\/\",\"name\":\"Dampol Pawilony\",\"description\":\"B\u00fcrocontainer   Wir produzieren Container und B\u00fcrocontainer f\u00fcr Unternehmen und Privathaushalte in verschiedenen Gr\u00f6\u00dfen\",\"potentialAction\":[{\"@type\":\"SearchAction\",\"target\":{\"@type\":\"EntryPoint\",\"urlTemplate\":\"https:\\\/\\\/modernecontainer.de\\\/?s={search_term_string}\"},\"query-input\":{\"@type\":\"PropertyValueSpecification\",\"valueRequired\":true,\"valueName\":\"search_term_string\"}}],\"inLanguage\":\"pl-PL\"}]}<\/script>\n<!-- \/ Yoast SEO plugin. -->","yoast_head_json":{"title":"B\u00fcrocontainer - Dampol","description":"B\u00fcrocontainer Wir produzieren Container und B\u00fcrocontainer f\u00fcr Unternehmen und Privathaushalte in verschiedenen Gr\u00f6\u00dfen","robots":{"index":"index","follow":"follow","max-snippet":"max-snippet:-1","max-image-preview":"max-image-preview:large","max-video-preview":"max-video-preview:-1"},"canonical":"https:\/\/modernecontainer.de\/index.php\/pawilon-6\/","og_locale":"pl_PL","og_type":"article","og_title":"B\u00fcrocontainer - Dampol","og_description":"B\u00fcrocontainer Wir produzieren Container und B\u00fcrocontainer f\u00fcr Unternehmen und Privathaushalte in verschiedenen Gr\u00f6\u00dfen","og_url":"https:\/\/modernecontainer.de\/index.php\/pawilon-6\/","og_site_name":"B\u00fcrocontainer Mederne Cointainer","article_publisher":"http:\/\/modernecontainer.de","article_modified_time":"2025-08-27T17:00:13+00:00","twitter_card":"summary_large_image","twitter_site":"@DAMPOL","twitter_misc":{"Szacowany czas czytania":"3 minuty"},"schema":{"@context":"https:\/\/schema.org","@graph":[{"@type":"WebPage","@id":"https:\/\/modernecontainer.de\/index.php\/pawilon-6\/","url":"https:\/\/modernecontainer.de\/index.php\/pawilon-6\/","name":"B\u00fcrocontainer - Dampol","isPartOf":{"@id":"https:\/\/modernecontainer.de\/#website"},"datePublished":"2019-12-03T21:00:59+00:00","dateModified":"2025-08-27T17:00:13+00:00","description":"B\u00fcrocontainer Wir produzieren Container und B\u00fcrocontainer f\u00fcr Unternehmen und Privathaushalte in verschiedenen Gr\u00f6\u00dfen","breadcrumb":{"@id":"https:\/\/modernecontainer.de\/index.php\/pawilon-6\/#breadcrumb"},"inLanguage":"pl-PL","potentialAction":[{"@type":"ReadAction","target":["https:\/\/modernecontainer.de\/index.php\/pawilon-6\/"]}]},{"@type":"BreadcrumbList","@id":"https:\/\/modernecontainer.de\/index.php\/pawilon-6\/#breadcrumb","itemListElement":[{"@type":"ListItem","position":1,"name":"Home","item":"https:\/\/modernecontainer.de\/"},{"@type":"ListItem","position":2,"name":"PAWILON 6"}]},{"@type":"WebSite","@id":"https:\/\/modernecontainer.de\/#website","url":"https:\/\/modernecontainer.de\/","name":"Dampol Pawilony","description":"B\u00fcrocontainer   Wir produzieren Container und B\u00fcrocontainer f\u00fcr Unternehmen und Privathaushalte in verschiedenen Gr\u00f6\u00dfen","potentialAction":[{"@type":"SearchAction","target":{"@type":"EntryPoint","urlTemplate":"https:\/\/modernecontainer.de\/?s={search_term_string}"},"query-input":{"@type":"PropertyValueSpecification","valueRequired":true,"valueName":"search_term_string"}}],"inLanguage":"pl-PL"}]}},"_links":{"self":[{"href":"https:\/\/modernecontainer.de\/index.php\/wp-json\/wp\/v2\/pages\/78","targetHints":{"allow":["GET"]}}],"collection":[{"href":"https:\/\/modernecontainer.de\/index.php\/wp-json\/wp\/v2\/pages"}],"about":[{"href":"https:\/\/modernecontainer.de\/index.php\/wp-json\/wp\/v2\/types\/page"}],"author":[{"embeddable":true,"href":"https:\/\/modernecontainer.de\/index.php\/wp-json\/wp\/v2\/users\/1"}],"replies":[{"embeddable":true,"href":"https:\/\/modernecontainer.de\/index.php\/wp-json\/wp\/v2\/comments?post=78"}],"version-history":[{"count":40,"href":"https:\/\/modernecontainer.de\/index.php\/wp-json\/wp\/v2\/pages\/78\/revisions"}],"predecessor-version":[{"id":2391,"href":"https:\/\/modernecontainer.de\/index.php\/wp-json\/wp\/v2\/pages\/78\/revisions\/2391"}],"wp:attachment":[{"href":"https:\/\/modernecontainer.de\/index.php\/wp-json\/wp\/v2\/media?parent=78"}],"curies":[{"name":"wp","href":"https:\/\/api.w.org\/{rel}","templated":true}]}}