{"id":1734,"date":"2024-06-03T11:06:45","date_gmt":"2024-06-03T09:06:45","guid":{"rendered":"https:\/\/modernecontainer.de\/?page_id=1734"},"modified":"2025-12-08T17:22:28","modified_gmt":"2025-12-08T16:22:28","slug":"pawilon-16","status":"publish","type":"page","link":"https:\/\/modernecontainer.de\/index.php\/pawilon-16\/","title":{"rendered":"PAWILON 16"},"content":{"rendered":"<p>[et_pb_section fb_built=&#8221;1&#8243; _builder_version=&#8221;4.16&#8243; global_colors_info=&#8221;{}&#8221;][et_pb_row column_structure=&#8221;1_3,2_3&#8243; _builder_version=&#8221;4.16&#8243; global_colors_info=&#8221;{}&#8221;][et_pb_column type=&#8221;1_3&#8243; _builder_version=&#8221;4.16&#8243; global_colors_info=&#8221;{}&#8221;][et_pb_text _builder_version=&#8221;4.25.1&#8243; header_font=&#8221;Poppins|600||on|||||&#8221; header_text_color=&#8221;#181724&#8243; header_font_size=&#8221;35px&#8221; header_line_height=&#8221;1.2em&#8221; header_font_size_tablet=&#8221;&#8221; header_font_size_phone=&#8221;25px&#8221; header_font_size_last_edited=&#8221;on|desktop&#8221; global_colors_info=&#8221;{}&#8221;]<\/p>\n<h1>PAVILON 16<\/h1>\n<p>[\/et_pb_text][et_pb_divider color=&#8221;#C11414&#8243; divider_weight=&#8221;4px&#8221; _builder_version=&#8221;4.16&#8243; max_width=&#8221;60px&#8221; module_alignment=&#8221;left&#8221; custom_margin=&#8221;-9px||&#8221; custom_margin_tablet=&#8221;-22px||16px&#8221; custom_margin_phone=&#8221;-24px||15px&#8221; custom_margin_last_edited=&#8221;on|tablet&#8221; global_colors_info=&#8221;{}&#8221;][\/et_pb_divider][et_pb_text _builder_version=&#8221;4.27.4&#8243; text_font=&#8221;Poppins||||||||&#8221; text_text_color=&#8221;#171724&#8243; text_font_size=&#8221;15px&#8221; text_line_height=&#8221;2em&#8221; max_width=&#8221;516px&#8221; max_width_tablet=&#8221;100%&#8221; max_width_phone=&#8221;&#8221; max_width_last_edited=&#8221;on|desktop&#8221; custom_margin=&#8221;-15px||&#8221; custom_padding=&#8221;|||||true&#8221; hover_enabled=&#8221;0&#8243; text_text_align=&#8221;left&#8221; global_colors_info=&#8221;{}&#8221; sticky_enabled=&#8221;0&#8243;]<\/p>\n<p>&nbsp;<\/p>\n<p dir=\"ltr\"><span>.KRAN FREE &#8211; Kran\u00f6sen auf dem Dach<\/span><\/p>\n<div id=\"viewad-description\" class=\"splitlinebox l-container-row\">\n<div class=\"l-container last-paragraph-no-margin-bottom\">\n<p><span style=\"color: #ff0000;\">4\u00d72,5\u00a0 6499 euro netto !!! + transport + kran FREE<\/span><\/p>\n<p><span style=\"color: #ff0000;\">4\u00d73 6699 euro netto !!! + transport + kran FREE<\/span><\/p>\n<\/div>\n<\/div>\n<p dir=\"ltr\">F\u00fcr Unternehmen mit EU USt-IdNr. wird keine MwSt. berechnet (Preis gleich Mitnahmepreis).<\/p>\n<p dir=\"ltr\">Der Preis beinhaltet den Transport und das Entladen mit unserem Kran<span rwr=\"1\"><\/span><\/p>\n<p dir=\"ltr\"><span>Transport im Preis inbegriffen<\/span><span rwr=\"1\"><\/span><\/p>\n<p dir=\"ltr\"><span>12 Monate Garantie<\/span><\/p>\n<div>\n<div><\/div>\n<div>Es besteht die M\u00f6glichkeit, einen zeitlos modernen und ganzj\u00e4hrig nutzbaren B\u00fcro- und Wohncontainer mit den Ma\u00dfen 900x300cm zu erwerben.<\/div>\n<div><\/div>\n<div>Alle unsere Container sind auf einem sehr stabilen Rahmen aufgebaut und f\u00fcr den Transport mit Kranhaken ausgestattet. Dadurch ist ein mehrfacher Transport des Containers m\u00f6glich.<\/div>\n<div><\/div>\n<div>Bei Bedarf bauen wir auch Container mit Statik und spezifischer Dokumentation und technischer Planung.<\/div>\n<div><\/div>\n<div>Der Boden bestand aus einem 100 mm dicken Polyurethan-Kern (W\u00e4rmedurchgangskoeffizient 0,22 W\/m2K), die W\u00e4nde und das Dach bestanden aus Sandwichpaneelen mit einem 100 mm dicken Polyurethan-Kern (W\u00e4rmedurchgangskoeffizient 0,38 W\/m2K).<\/div>\n<div><\/div>\n<div><b>Im Preis inbegriffen ist die Elektroinstallation (Sicherungskasten, Deckenlampen, Doppelsteckdosen, Schalter).<\/b><\/div>\n<div><b>Der Preis beinhaltet nicht die auf dem Foto sichtbare Klimaanlage und die auf dem Foto sichtbaren elektrischen Jalousien<\/b><\/div>\n<div><\/div>\n<div>Es ist m\u00f6glich, zus\u00e4tzliche Fenster, Glasvitrinen, T\u00fcren und eine Klimaanlage einzubauen. Unsere Klimaanlage verf\u00fcgt au\u00dferdem \u00fcber eine Ionisationsfunktion und filtert Partikel wie Bakterien und Viren, Pollen, Milbeneier und -kot, Staub, Aerosole und Rauchpartikel. Eine Klimaanlage kostet nur 1099 Euro.<\/div>\n<div><\/div>\n<div>Wir k\u00f6nnen Ihnen auch eine Aufteilung der R\u00e4ume im Container anbieten, z. B. in ein voll ausgestattetes Badezimmer mit Dusche, Waschbecken, Toilette oder eine K\u00fcche mit eingebauter K\u00fcchenzeile.<\/div>\n<div><\/div>\n<div>Sie k\u00f6nnen die Au\u00dfen- und Innenseite des Beh\u00e4lters individuell nach Ihren Bed\u00fcrfnissen und W\u00fcnschen kombinieren, wir bieten auch andere Farben, Gr\u00f6\u00dfen und Muster an.<\/div>\n<div><\/div>\n<div>BITTE KONTAKTIEREN SIE UNS ZUR VERF\u00dcGBARKEIT, LIEFERZEITEN UND \u00c4NDERUNGSW\u00dcNSCHEN.<\/div>\n<\/div>\n<p>[\/et_pb_text][\/et_pb_column][et_pb_column type=&#8221;2_3&#8243; _builder_version=&#8221;4.16&#8243; global_colors_info=&#8221;{}&#8221;][et_pb_gallery gallery_ids=&#8221;2417,1222,1221,1668,1669,2215&#8243; posts_number=&#8221;25&#8243; show_title_and_caption=&#8221;off&#8221; show_pagination=&#8221;off&#8221; zoom_icon_color=&#8221;#000000&#8243; hover_overlay_color=&#8221;rgba(255,255,255,0.49)&#8221; hover_icon=&#8221;&#x54;||divi||400&#8243; _builder_version=&#8221;4.27.4&#8243; global_colors_info=&#8221;{}&#8221;][\/et_pb_gallery][\/et_pb_column][\/et_pb_row][\/et_pb_section][et_pb_section fb_built=&#8221;1&#8243; _builder_version=&#8221;4.16&#8243; background_color=&#8221;#15224D&#8221; custom_padding=&#8221;24px||24px||true&#8221; global_colors_info=&#8221;{}&#8221;][et_pb_row use_custom_gutter=&#8221;on&#8221; gutter_width=&#8221;2&#8243; make_equal=&#8221;on&#8221; _builder_version=&#8221;4.16&#8243; width=&#8221;98%&#8221; width_tablet=&#8221;90%&#8221; width_phone=&#8221;90%&#8221; width_last_edited=&#8221;on|tablet&#8221; max_width=&#8221;1140px&#8221; max_width_tablet=&#8221;90%&#8221; max_width_phone=&#8221;90%&#8221; max_width_last_edited=&#8221;on|phone&#8221; custom_padding=&#8221;|||||&#8221; global_colors_info=&#8221;{}&#8221;][et_pb_column type=&#8221;4_4&#8243; _builder_version=&#8221;4.16&#8243; global_colors_info=&#8221;{}&#8221;][et_pb_text _builder_version=&#8221;4.16&#8243; header_font=&#8221;Poppins|600||on|||||&#8221; header_text_align=&#8221;left&#8221; header_text_color=&#8221;#ffffff&#8221; header_font_size=&#8221;28px&#8221; header_line_height=&#8221;1.2em&#8221; custom_padding=&#8221;5px||&#8221; header_font_size_tablet=&#8221;&#8221; header_font_size_phone=&#8221;25px&#8221; header_font_size_last_edited=&#8221;on|desktop&#8221; global_colors_info=&#8221;{}&#8221;]<\/p>\n<h1 style=\"text-align: center;\">E-mail<\/p>\n<p>KOMMERZIELLE PAVILLONS<br \/>\n<\/h1>\n<p>[\/et_pb_text][\/et_pb_column][\/et_pb_row][\/et_pb_section]<\/p>\n","protected":false},"excerpt":{"rendered":"<p>PAVILON 16&nbsp; .KRAN FREE &#8211; Kran\u00f6sen auf dem Dach 4\u00d72,5\u00a0 6499 euro netto !!! + transport + kran FREE 4\u00d73 6699 euro netto !!! + transport + kran FREE F\u00fcr Unternehmen mit EU USt-IdNr. wird keine MwSt. berechnet (Preis gleich Mitnahmepreis). Der Preis beinhaltet den Transport und das Entladen mit unserem Kran Transport im Preis [&hellip;]<\/p>\n","protected":false},"author":1,"featured_media":0,"parent":0,"menu_order":0,"comment_status":"closed","ping_status":"closed","template":"","meta":{"_et_pb_use_builder":"on","_et_pb_old_content":"[et_pb_section fb_built=\"1\" _builder_version=\"4.16\" global_colors_info=\"{}\"][et_pb_row column_structure=\"1_3,2_3\" _builder_version=\"4.16\" global_colors_info=\"{}\"][et_pb_column type=\"1_3\" _builder_version=\"4.16\" global_colors_info=\"{}\"][et_pb_text _builder_version=\"4.19.2\" header_font=\"Poppins|600||on|||||\" header_text_color=\"#181724\" header_font_size=\"35px\" header_line_height=\"1.2em\" header_font_size_tablet=\"\" header_font_size_phone=\"25px\" header_font_size_last_edited=\"on|desktop\" global_colors_info=\"{}\"]<h1>PAVILON 15<\/h1>[\/et_pb_text][et_pb_divider color=\"#C11414\" divider_weight=\"4px\" _builder_version=\"4.16\" max_width=\"60px\" module_alignment=\"left\" custom_margin=\"-9px||\" custom_margin_tablet=\"-22px||16px\" custom_margin_phone=\"-24px||15px\" custom_margin_last_edited=\"on|tablet\" global_colors_info=\"{}\"][\/et_pb_divider][et_pb_text _builder_version=\"4.21.0\" text_font=\"Poppins||||||||\" text_text_color=\"#171724\" text_font_size=\"15px\" text_line_height=\"2em\" max_width=\"516px\" max_width_tablet=\"100%\" max_width_phone=\"\" max_width_last_edited=\"on|desktop\" custom_margin=\"-15px||\" custom_padding=\"|||||true\" hover_enabled=\"0\" text_text_align=\"left\" global_colors_info=\"{}\" sticky_enabled=\"0\"]<p>&nbsp;<\/p>\r\n<p dir=\"ltr\"><span>.KRAN FREE - Kran\u00f6sen auf dem Dach<\/span><\/p>\r\n<p><span>8x3 -10999 Euro Netto + KRAN FREE - 3x Fenster ( 4 x Fenster + 299 euro netto )<\/span><br \/><span>7x3- 9799 - 3 x fenster<\/span><\/p>\r\n<p dir=\"ltr\"><span><\/span><\/p>\r\n<div id=\"viewad-description\" class=\"splitlinebox l-container-row\">\r\n<div class=\"l-container last-paragraph-no-margin-bottom\">\r\n<p id=\"viewad-description-text\" class=\"text-force-linebreak \" itemprop=\"description\">Lieferzeit +\/- 5 Wochen<\/p>\r\n<p>Die M\u00f6glichkeit, Fenster mit der M\u00f6glichkeit zum \u00d6ffnen und Kippen einzubauen<\/p>\r\n<p>zwei Fenster im Preis an der Vorderwand, zwei zus\u00e4tzliche Fenster an den Seitenw\u00e4nden 3m gegen Aufpreis<\/p>\r\n<p>Wir k\u00f6nnen Fenster oder T\u00fcren an einem anderen Ort bereitstellen. Schreiben Sie einfach, wo Sie sein m\u00f6chten<\/p>\r\n<p>F\u00fcr Unternehmen mit EU USt-IdNr. wird keine MwSt. berechnet (Preis gleich Mitnahmepreis).<\/p>\r\n<p>WC (Toilette + Sp\u00fcle + Schrank f\u00fcr Sp\u00fcle + Warmwasserbereiter) -999 euro netto<\/p>\r\n<p>Transport ist im Preis inbegriffen<\/p>\r\n<p>12 Monate Gew\u00e4hrleistung<\/p>\r\n<p>Der Pavillon besteht aus Sandwichelementen mit einem 100 mm dicken Schaumkern. Feuerhemmendes Polystyrolschaum mit Feuerwiderstandsklasse E60 - RAL 7016 Anthrazit (Graphit) - Styropor nicht brandausbreitend mit Feuerwiderstandsklasse E60: RAL-Au\u00dfenfarbe zu bestimmen.<\/p>\r\n<p>Der Boden besteht aus Sandwichelementen mit einem Kern aus 100 mm Polyurethan. W\u00e4rmedurchl\u00e4ssigkeit 0,21 W \/ m2K. Feuerhemmendes Polyurethan mit PVC-Bodenbelag der Feuerwiderstandsklasse E60 OSB 12 mm.<\/p>\r\n<p>.LED-Beleuchtung ( 2x 36w )<br \/>12 Monate Gew\u00e4hrleistung<br \/>Verkaufspavillon Verkaufscontainer B\u00fcrocontainer Handel Kiosk Designerb\u00fcro<\/p>\r\n<p>.<\/p>\r\n<p>Klimaanlage mit Heizm\u00f6glichkeit an kalten Tagen - 1099 euro nett<\/p>\r\n<p>Pavillons mit voller Elektrik - Schalter x 2 Stk., Doppelsteckdose x 2 Stk. Kasten mit Sicherungen, alle in Streifen verteilt.<br \/>Sites x2 + verglaste Aluminiumt\u00fcren.<\/p>\r\n<p>Bei Ausf\u00fchrung der Bestellung ist zun\u00e4chst eine Zahlung von 15% auf das Konto Der Restbetrag ist bei Lieferung zu zahlen<\/p>\r\n<p>Der Preis beinhaltet den Transport + KRAN<\/p>\r\n<\/div>\r\n<\/div>\r\n<div class=\"splitlinebox l-container-row\" id=\"viewad-imprint-section\"><a id=\"viewad-imprint-link\"><\/a><span>Rechtliche Angaben<\/span><\/div>\r\n<p dir=\"ltr\"><span><\/span><\/p>[\/et_pb_text][\/et_pb_column][et_pb_column type=\"2_3\" _builder_version=\"4.16\" global_colors_info=\"{}\"][et_pb_gallery gallery_ids=\"1535,1540,1536,1537,1541,1394,1222,1221,1066,1546,1668,1669\" posts_number=\"25\" show_title_and_caption=\"off\" show_pagination=\"off\" zoom_icon_color=\"#000000\" hover_overlay_color=\"rgba(255,255,255,0.49)\" hover_icon=\"&#x54;||divi||400\" _builder_version=\"4.21.0\" global_colors_info=\"{}\"][\/et_pb_gallery][\/et_pb_column][\/et_pb_row][\/et_pb_section][et_pb_section fb_built=\"1\" _builder_version=\"4.16\" background_color=\"#15224D\" custom_padding=\"24px||24px||true\" global_colors_info=\"{}\"][et_pb_row use_custom_gutter=\"on\" gutter_width=\"2\" make_equal=\"on\" _builder_version=\"4.16\" width=\"98%\" width_tablet=\"90%\" width_phone=\"90%\" width_last_edited=\"on|tablet\" max_width=\"1140px\" max_width_tablet=\"90%\" max_width_phone=\"90%\" max_width_last_edited=\"on|phone\" custom_padding=\"|||||\" global_colors_info=\"{}\"][et_pb_column type=\"4_4\" _builder_version=\"4.16\" global_colors_info=\"{}\"][et_pb_text _builder_version=\"4.16\" header_font=\"Poppins|600||on|||||\" header_text_align=\"left\" header_text_color=\"#ffffff\" header_font_size=\"28px\" header_line_height=\"1.2em\" custom_padding=\"5px||\" header_font_size_tablet=\"\" header_font_size_phone=\"25px\" header_font_size_last_edited=\"on|desktop\" global_colors_info=\"{}\"]<h1 style=\"text-align: center;\">E-mail\r\n\r\nKOMMERZIELLE PAVILLONS\r\n<\/h1>[\/et_pb_text][\/et_pb_column][\/et_pb_row][\/et_pb_section]","_et_gb_content_width":"","footnotes":""},"class_list":["post-1734","page","type-page","status-publish","hentry"],"yoast_head":"<!-- This site is optimized with the Yoast SEO plugin v27.4 - https:\/\/yoast.com\/product\/yoast-seo-wordpress\/ -->\n<title>PAWILON 16 - B\u00fcrocontainer Mederne Cointainer<\/title>\n<meta name=\"robots\" content=\"index, follow, max-snippet:-1, max-image-preview:large, max-video-preview:-1\" \/>\n<link rel=\"canonical\" href=\"https:\/\/modernecontainer.de\/index.php\/pawilon-16\/\" \/>\n<meta property=\"og:locale\" content=\"pl_PL\" \/>\n<meta property=\"og:type\" content=\"article\" \/>\n<meta property=\"og:title\" content=\"PAWILON 16 - B\u00fcrocontainer Mederne Cointainer\" \/>\n<meta property=\"og:description\" content=\"PAVILON 16&nbsp; .KRAN FREE - Kran\u00f6sen auf dem Dach 4\u00d72,5\u00a0 6499 euro netto !!! + transport + kran FREE 4\u00d73 6699 euro netto !!! + transport + kran FREE F\u00fcr Unternehmen mit EU USt-IdNr. wird keine MwSt. berechnet (Preis gleich Mitnahmepreis). Der Preis beinhaltet den Transport und das Entladen mit unserem Kran Transport im Preis [&hellip;]\" \/>\n<meta property=\"og:url\" content=\"https:\/\/modernecontainer.de\/index.php\/pawilon-16\/\" \/>\n<meta property=\"og:site_name\" content=\"B\u00fcrocontainer Mederne Cointainer\" \/>\n<meta property=\"article:publisher\" content=\"http:\/\/modernecontainer.de\" \/>\n<meta property=\"article:modified_time\" content=\"2025-12-08T16:22:28+00:00\" \/>\n<meta name=\"twitter:card\" content=\"summary_large_image\" \/>\n<meta name=\"twitter:site\" content=\"@DAMPOL\" \/>\n<meta name=\"twitter:label1\" content=\"Szacowany czas czytania\" \/>\n\t<meta name=\"twitter:data1\" content=\"4 minuty\" \/>\n<script type=\"application\/ld+json\" class=\"yoast-schema-graph\">{\"@context\":\"https:\\\/\\\/schema.org\",\"@graph\":[{\"@type\":\"WebPage\",\"@id\":\"https:\\\/\\\/modernecontainer.de\\\/index.php\\\/pawilon-16\\\/\",\"url\":\"https:\\\/\\\/modernecontainer.de\\\/index.php\\\/pawilon-16\\\/\",\"name\":\"PAWILON 16 - B\u00fcrocontainer Mederne Cointainer\",\"isPartOf\":{\"@id\":\"https:\\\/\\\/modernecontainer.de\\\/#website\"},\"datePublished\":\"2024-06-03T09:06:45+00:00\",\"dateModified\":\"2025-12-08T16:22:28+00:00\",\"breadcrumb\":{\"@id\":\"https:\\\/\\\/modernecontainer.de\\\/index.php\\\/pawilon-16\\\/#breadcrumb\"},\"inLanguage\":\"pl-PL\",\"potentialAction\":[{\"@type\":\"ReadAction\",\"target\":[\"https:\\\/\\\/modernecontainer.de\\\/index.php\\\/pawilon-16\\\/\"]}]},{\"@type\":\"BreadcrumbList\",\"@id\":\"https:\\\/\\\/modernecontainer.de\\\/index.php\\\/pawilon-16\\\/#breadcrumb\",\"itemListElement\":[{\"@type\":\"ListItem\",\"position\":1,\"name\":\"Home\",\"item\":\"https:\\\/\\\/modernecontainer.de\\\/\"},{\"@type\":\"ListItem\",\"position\":2,\"name\":\"PAWILON 16\"}]},{\"@type\":\"WebSite\",\"@id\":\"https:\\\/\\\/modernecontainer.de\\\/#website\",\"url\":\"https:\\\/\\\/modernecontainer.de\\\/\",\"name\":\"Dampol Pawilony\",\"description\":\"B\u00fcrocontainer   Wir produzieren Container und B\u00fcrocontainer f\u00fcr Unternehmen und Privathaushalte in verschiedenen Gr\u00f6\u00dfen\",\"potentialAction\":[{\"@type\":\"SearchAction\",\"target\":{\"@type\":\"EntryPoint\",\"urlTemplate\":\"https:\\\/\\\/modernecontainer.de\\\/?s={search_term_string}\"},\"query-input\":{\"@type\":\"PropertyValueSpecification\",\"valueRequired\":true,\"valueName\":\"search_term_string\"}}],\"inLanguage\":\"pl-PL\"}]}<\/script>\n<!-- \/ Yoast SEO plugin. -->","yoast_head_json":{"title":"PAWILON 16 - B\u00fcrocontainer Mederne Cointainer","robots":{"index":"index","follow":"follow","max-snippet":"max-snippet:-1","max-image-preview":"max-image-preview:large","max-video-preview":"max-video-preview:-1"},"canonical":"https:\/\/modernecontainer.de\/index.php\/pawilon-16\/","og_locale":"pl_PL","og_type":"article","og_title":"PAWILON 16 - B\u00fcrocontainer Mederne Cointainer","og_description":"PAVILON 16&nbsp; .KRAN FREE - Kran\u00f6sen auf dem Dach 4\u00d72,5\u00a0 6499 euro netto !!! + transport + kran FREE 4\u00d73 6699 euro netto !!! + transport + kran FREE F\u00fcr Unternehmen mit EU USt-IdNr. wird keine MwSt. berechnet (Preis gleich Mitnahmepreis). Der Preis beinhaltet den Transport und das Entladen mit unserem Kran Transport im Preis [&hellip;]","og_url":"https:\/\/modernecontainer.de\/index.php\/pawilon-16\/","og_site_name":"B\u00fcrocontainer Mederne Cointainer","article_publisher":"http:\/\/modernecontainer.de","article_modified_time":"2025-12-08T16:22:28+00:00","twitter_card":"summary_large_image","twitter_site":"@DAMPOL","twitter_misc":{"Szacowany czas czytania":"4 minuty"},"schema":{"@context":"https:\/\/schema.org","@graph":[{"@type":"WebPage","@id":"https:\/\/modernecontainer.de\/index.php\/pawilon-16\/","url":"https:\/\/modernecontainer.de\/index.php\/pawilon-16\/","name":"PAWILON 16 - B\u00fcrocontainer Mederne Cointainer","isPartOf":{"@id":"https:\/\/modernecontainer.de\/#website"},"datePublished":"2024-06-03T09:06:45+00:00","dateModified":"2025-12-08T16:22:28+00:00","breadcrumb":{"@id":"https:\/\/modernecontainer.de\/index.php\/pawilon-16\/#breadcrumb"},"inLanguage":"pl-PL","potentialAction":[{"@type":"ReadAction","target":["https:\/\/modernecontainer.de\/index.php\/pawilon-16\/"]}]},{"@type":"BreadcrumbList","@id":"https:\/\/modernecontainer.de\/index.php\/pawilon-16\/#breadcrumb","itemListElement":[{"@type":"ListItem","position":1,"name":"Home","item":"https:\/\/modernecontainer.de\/"},{"@type":"ListItem","position":2,"name":"PAWILON 16"}]},{"@type":"WebSite","@id":"https:\/\/modernecontainer.de\/#website","url":"https:\/\/modernecontainer.de\/","name":"Dampol Pawilony","description":"B\u00fcrocontainer   Wir produzieren Container und B\u00fcrocontainer f\u00fcr Unternehmen und Privathaushalte in verschiedenen Gr\u00f6\u00dfen","potentialAction":[{"@type":"SearchAction","target":{"@type":"EntryPoint","urlTemplate":"https:\/\/modernecontainer.de\/?s={search_term_string}"},"query-input":{"@type":"PropertyValueSpecification","valueRequired":true,"valueName":"search_term_string"}}],"inLanguage":"pl-PL"}]}},"_links":{"self":[{"href":"https:\/\/modernecontainer.de\/index.php\/wp-json\/wp\/v2\/pages\/1734","targetHints":{"allow":["GET"]}}],"collection":[{"href":"https:\/\/modernecontainer.de\/index.php\/wp-json\/wp\/v2\/pages"}],"about":[{"href":"https:\/\/modernecontainer.de\/index.php\/wp-json\/wp\/v2\/types\/page"}],"author":[{"embeddable":true,"href":"https:\/\/modernecontainer.de\/index.php\/wp-json\/wp\/v2\/users\/1"}],"replies":[{"embeddable":true,"href":"https:\/\/modernecontainer.de\/index.php\/wp-json\/wp\/v2\/comments?post=1734"}],"version-history":[{"count":13,"href":"https:\/\/modernecontainer.de\/index.php\/wp-json\/wp\/v2\/pages\/1734\/revisions"}],"predecessor-version":[{"id":2468,"href":"https:\/\/modernecontainer.de\/index.php\/wp-json\/wp\/v2\/pages\/1734\/revisions\/2468"}],"wp:attachment":[{"href":"https:\/\/modernecontainer.de\/index.php\/wp-json\/wp\/v2\/media?parent=1734"}],"curies":[{"name":"wp","href":"https:\/\/api.w.org\/{rel}","templated":true}]}}