{"id":1517,"date":"2023-06-21T10:53:07","date_gmt":"2023-06-21T08:53:07","guid":{"rendered":"https:\/\/modernecontainer.de\/?page_id=1517"},"modified":"2026-02-20T10:46:45","modified_gmt":"2026-02-20T09:46:45","slug":"pawilon-14","status":"publish","type":"page","link":"https:\/\/modernecontainer.de\/index.php\/pawilon-14\/","title":{"rendered":"PAWILON 14"},"content":{"rendered":"<p>[et_pb_section fb_built=&#8221;1&#8243; _builder_version=&#8221;4.16&#8243; global_colors_info=&#8221;{}&#8221;][et_pb_row column_structure=&#8221;1_3,2_3&#8243; _builder_version=&#8221;4.16&#8243; global_colors_info=&#8221;{}&#8221;][et_pb_column type=&#8221;1_3&#8243; _builder_version=&#8221;4.16&#8243; global_colors_info=&#8221;{}&#8221;][et_pb_text _builder_version=&#8221;4.21.0&#8243; header_font=&#8221;Poppins|600||on|||||&#8221; header_text_color=&#8221;#181724&#8243; header_font_size=&#8221;35px&#8221; header_line_height=&#8221;1.2em&#8221; header_font_size_tablet=&#8221;&#8221; header_font_size_phone=&#8221;25px&#8221; header_font_size_last_edited=&#8221;on|desktop&#8221; global_colors_info=&#8221;{}&#8221;]<\/p>\n<h1>PAVILON 14<\/h1>\n<p>[\/et_pb_text][et_pb_divider color=&#8221;#C11414&#8243; divider_weight=&#8221;4px&#8221; _builder_version=&#8221;4.16&#8243; max_width=&#8221;60px&#8221; module_alignment=&#8221;left&#8221; custom_margin=&#8221;-9px||&#8221; custom_margin_tablet=&#8221;-22px||16px&#8221; custom_margin_phone=&#8221;-24px||15px&#8221; custom_margin_last_edited=&#8221;on|tablet&#8221; global_colors_info=&#8221;{}&#8221;][\/et_pb_divider][et_pb_text _builder_version=&#8221;4.27.4&#8243; text_font=&#8221;Poppins||||||||&#8221; text_text_color=&#8221;#171724&#8243; text_font_size=&#8221;15px&#8221; text_line_height=&#8221;2em&#8221; max_width=&#8221;516px&#8221; max_width_tablet=&#8221;100%&#8221; max_width_phone=&#8221;&#8221; max_width_last_edited=&#8221;on|desktop&#8221; custom_margin=&#8221;-15px||&#8221; custom_padding=&#8221;|||||true&#8221; hover_enabled=&#8221;0&#8243; text_text_align=&#8221;left&#8221; global_colors_info=&#8221;{}&#8221; sticky_enabled=&#8221;0&#8243;]<\/p>\n<p>&nbsp;<\/p>\n<p dir=\"ltr\">Sehr gute Qualit\u00e4t,<\/p>\n<p dir=\"ltr\">Wir produzieren seit mehreren Jahren Pavillons<\/p>\n<p>Liferung +\/- 5\u00a0 woche<\/p>\n<p dir=\"ltr\">6x3m\u00a0 bis 10x3m<\/p>\n<p dir=\"ltr\" bis_size=\"{&quot;x&quot;:0,&quot;y&quot;:320,&quot;w&quot;:1547,&quot;h&quot;:22,&quot;abs_x&quot;:496,&quot;abs_y&quot;:3090}\"><span style=\"color: #0000ff;\">\u00a0 neu und unbesch\u00e4digt 6&#215;3-7999 euro netto + kran<\/span><\/p>\n<p dir=\"ltr\" bis_size=\"{&quot;x&quot;:0,&quot;y&quot;:343,&quot;w&quot;:1547,&quot;h&quot;:22,&quot;abs_x&quot;:496,&quot;abs_y&quot;:3113}\"><span style=\"color: #0000ff;\"> neu und unbesch\u00e4digt\u00a0 5&#215;3 -7499 Euro netto + KRAN<\/span><\/p>\n<p dir=\"ltr\">\n<div>\n<p dir=\"ltr\"><span style=\"color: #ff0000;\">Neuer Container, unbenutzt, aber W\u00e4nde zweiter Wahl \u2013 Kratzer, Dellen oder Farbunterschiede m\u00f6glich<\/span><\/p>\n<p dir=\"ltr\" bis_size=\"{&quot;x&quot;:0,&quot;y&quot;:320,&quot;w&quot;:1547,&quot;h&quot;:22,&quot;abs_x&quot;:496,&quot;abs_y&quot;:3090}\"><span style=\"color: #ff0000;\">\u00a02 -wahl 6&#215;3-7499 euro netto + kran<\/span><\/p>\n<p dir=\"ltr\" bis_size=\"{&quot;x&quot;:0,&quot;y&quot;:343,&quot;w&quot;:1547,&quot;h&quot;:22,&quot;abs_x&quot;:496,&quot;abs_y&quot;:3113}\"><span style=\"color: #ff0000;\">\u00a02 -wahl\u00a0 5&#215;3 -6999 Euro netto + KRAN<\/span><\/p>\n<\/div>\n<div><span style=\"color: #0000ff;\"><span>elektrische Jalousien \/ rollo\u00a0 an den Fenstern gegen Aufpreis<\/span><\/span><\/div>\n<p class=\"text-force-linebreak \" itemprop=\"description\">Transport + kran &#8211; free<\/p>\n<p dir=\"ltr\">Bitte kontaktieren Sie uns vor dem Kauf per E-Mail bez\u00fcglich der Umsetzung und Liefertermine<\/p>\n<p dir=\"ltr\">F\u00fcr Unternehmen mit EU USt-IdNr. wird keine MwSt. berechnet (Preis gleich Mitnahmepreis).<\/p>\n<p dir=\"ltr\">Der Preis beinhaltet den Transport und das Entladen mit unserem Kran<\/p>\n<p>&nbsp;<\/p>\n<p dir=\"ltr\">12 Monate Gew\u00e4hrleistung<\/p>\n<p>&nbsp;<\/p>\n<p dir=\"ltr\">Der Pavillon besteht aus Sandwichelementen mit einem 100 mm dicken Schaumkern. Feuerhemmendes Polystyrolschaum mit Feuerwiderstandsklasse E60 &#8211; RAL 7016 Anthrazit (Graphit) &#8211; Styropor nicht brandausbreitend mit Feuerwiderstandsklasse E60: RAL-Au\u00dfenfarbe zu bestimmen.<\/p>\n<p>&nbsp;<\/p>\n<p dir=\"ltr\">Der Boden besteht aus Sandwichelementen mit einem Kern aus 100 mm Polyurethan. W\u00e4rmedurchl\u00e4ssigkeit 0,21 W \/ m2K. Feuerhemmendes Polyurethan mit PVC-Bodenbelag der Feuerwiderstandsklasse E60 OSB 12 mm.<\/p>\n<p>&nbsp;<\/p>\n<p dir=\"ltr\">.LED-Beleuchtung ( 2x 36w )<\/p>\n<p dir=\"ltr\">12 Monate Gew\u00e4hrleistung<\/p>\n<p>&nbsp;<\/p>\n<p dir=\"ltr\">Klimaanlage mit Heizoption an kalten Tagen &#8211; 1099 Euro netto<\/p>\n<p>&nbsp;<\/p>\n<p dir=\"ltr\">Pavillons mit voller Elektrik &#8211; Schalter x 2, Doppelsteckdose x 2. Box mit Sicherungen, alle in Streifen verteilt.<\/p>\n<p dir=\"ltr\">Vitrinen x2 + verglaste Aluminium<\/p>\n<p>[\/et_pb_text][\/et_pb_column][et_pb_column type=&#8221;2_3&#8243; _builder_version=&#8221;4.16&#8243; global_colors_info=&#8221;{}&#8221;][et_pb_gallery gallery_ids=&#8221;2361,2362,2363,1222,1221,1668,1669&#8243; posts_number=&#8221;25&#8243; show_title_and_caption=&#8221;off&#8221; show_pagination=&#8221;off&#8221; zoom_icon_color=&#8221;#000000&#8243; hover_overlay_color=&#8221;rgba(255,255,255,0.49)&#8221; hover_icon=&#8221;&#x54;||divi||400&#8243; _builder_version=&#8221;4.27.4&#8243; global_colors_info=&#8221;{}&#8221;][\/et_pb_gallery][\/et_pb_column][\/et_pb_row][\/et_pb_section][et_pb_section fb_built=&#8221;1&#8243; _builder_version=&#8221;4.16&#8243; background_color=&#8221;#15224D&#8221; custom_padding=&#8221;24px||24px||true&#8221; global_colors_info=&#8221;{}&#8221;][et_pb_row use_custom_gutter=&#8221;on&#8221; gutter_width=&#8221;2&#8243; make_equal=&#8221;on&#8221; _builder_version=&#8221;4.16&#8243; width=&#8221;98%&#8221; width_tablet=&#8221;90%&#8221; width_phone=&#8221;90%&#8221; width_last_edited=&#8221;on|tablet&#8221; max_width=&#8221;1140px&#8221; max_width_tablet=&#8221;90%&#8221; max_width_phone=&#8221;90%&#8221; max_width_last_edited=&#8221;on|phone&#8221; custom_padding=&#8221;|||||&#8221; global_colors_info=&#8221;{}&#8221;][et_pb_column type=&#8221;4_4&#8243; _builder_version=&#8221;4.16&#8243; global_colors_info=&#8221;{}&#8221;][et_pb_text _builder_version=&#8221;4.16&#8243; header_font=&#8221;Poppins|600||on|||||&#8221; header_text_align=&#8221;left&#8221; header_text_color=&#8221;#ffffff&#8221; header_font_size=&#8221;28px&#8221; header_line_height=&#8221;1.2em&#8221; custom_padding=&#8221;5px||&#8221; header_font_size_tablet=&#8221;&#8221; header_font_size_phone=&#8221;25px&#8221; header_font_size_last_edited=&#8221;on|desktop&#8221; global_colors_info=&#8221;{}&#8221;]<\/p>\n<h1 style=\"text-align: center;\">E-mail<\/p>\n<p>KOMMERZIELLE PAVILLONS<br \/>\n<\/h1>\n<p>[\/et_pb_text][\/et_pb_column][\/et_pb_row][\/et_pb_section]<\/p>\n","protected":false},"excerpt":{"rendered":"<p>PAVILON 14&nbsp; Sehr gute Qualit\u00e4t, Wir produzieren seit mehreren Jahren Pavillons Liferung +\/- 5\u00a0 woche 6x3m\u00a0 bis 10x3m \u00a0 neu und unbesch\u00e4digt 6&#215;3-7999 euro netto + kran neu und unbesch\u00e4digt\u00a0 5&#215;3 -7499 Euro netto + KRAN Neuer Container, unbenutzt, aber W\u00e4nde zweiter Wahl \u2013 Kratzer, Dellen oder Farbunterschiede m\u00f6glich \u00a02 -wahl 6&#215;3-7499 euro netto + [&hellip;]<\/p>\n","protected":false},"author":1,"featured_media":0,"parent":0,"menu_order":0,"comment_status":"closed","ping_status":"closed","template":"","meta":{"_et_pb_use_builder":"on","_et_pb_old_content":"","_et_gb_content_width":"","footnotes":""},"class_list":["post-1517","page","type-page","status-publish","hentry"],"yoast_head":"<!-- This site is optimized with the Yoast SEO plugin v27.4 - https:\/\/yoast.com\/product\/yoast-seo-wordpress\/ -->\n<title>PAWILON 14 - B\u00fcrocontainer Mederne Cointainer<\/title>\n<meta name=\"robots\" content=\"index, follow, max-snippet:-1, max-image-preview:large, max-video-preview:-1\" \/>\n<link rel=\"canonical\" href=\"https:\/\/modernecontainer.de\/index.php\/pawilon-14\/\" \/>\n<meta property=\"og:locale\" content=\"pl_PL\" \/>\n<meta property=\"og:type\" content=\"article\" \/>\n<meta property=\"og:title\" content=\"PAWILON 14 - B\u00fcrocontainer Mederne Cointainer\" \/>\n<meta property=\"og:description\" content=\"PAVILON 14&nbsp; Sehr gute Qualit\u00e4t, Wir produzieren seit mehreren Jahren Pavillons Liferung +\/- 5\u00a0 woche 6x3m\u00a0 bis 10x3m \u00a0 neu und unbesch\u00e4digt 6x3-7999 euro netto + kran neu und unbesch\u00e4digt\u00a0 5x3 -7499 Euro netto + KRAN Neuer Container, unbenutzt, aber W\u00e4nde zweiter Wahl \u2013 Kratzer, Dellen oder Farbunterschiede m\u00f6glich \u00a02 -wahl 6x3-7499 euro netto + [&hellip;]\" \/>\n<meta property=\"og:url\" content=\"https:\/\/modernecontainer.de\/index.php\/pawilon-14\/\" \/>\n<meta property=\"og:site_name\" content=\"B\u00fcrocontainer Mederne Cointainer\" \/>\n<meta property=\"article:publisher\" content=\"http:\/\/modernecontainer.de\" \/>\n<meta property=\"article:modified_time\" content=\"2026-02-20T09:46:45+00:00\" \/>\n<meta name=\"twitter:card\" content=\"summary_large_image\" \/>\n<meta name=\"twitter:site\" content=\"@DAMPOL\" \/>\n<script type=\"application\/ld+json\" class=\"yoast-schema-graph\">{\"@context\":\"https:\\\/\\\/schema.org\",\"@graph\":[{\"@type\":\"WebPage\",\"@id\":\"https:\\\/\\\/modernecontainer.de\\\/index.php\\\/pawilon-14\\\/\",\"url\":\"https:\\\/\\\/modernecontainer.de\\\/index.php\\\/pawilon-14\\\/\",\"name\":\"PAWILON 14 - B\u00fcrocontainer Mederne Cointainer\",\"isPartOf\":{\"@id\":\"https:\\\/\\\/modernecontainer.de\\\/#website\"},\"datePublished\":\"2023-06-21T08:53:07+00:00\",\"dateModified\":\"2026-02-20T09:46:45+00:00\",\"breadcrumb\":{\"@id\":\"https:\\\/\\\/modernecontainer.de\\\/index.php\\\/pawilon-14\\\/#breadcrumb\"},\"inLanguage\":\"pl-PL\",\"potentialAction\":[{\"@type\":\"ReadAction\",\"target\":[\"https:\\\/\\\/modernecontainer.de\\\/index.php\\\/pawilon-14\\\/\"]}]},{\"@type\":\"BreadcrumbList\",\"@id\":\"https:\\\/\\\/modernecontainer.de\\\/index.php\\\/pawilon-14\\\/#breadcrumb\",\"itemListElement\":[{\"@type\":\"ListItem\",\"position\":1,\"name\":\"Home\",\"item\":\"https:\\\/\\\/modernecontainer.de\\\/\"},{\"@type\":\"ListItem\",\"position\":2,\"name\":\"PAWILON 14\"}]},{\"@type\":\"WebSite\",\"@id\":\"https:\\\/\\\/modernecontainer.de\\\/#website\",\"url\":\"https:\\\/\\\/modernecontainer.de\\\/\",\"name\":\"Dampol Pawilony\",\"description\":\"B\u00fcrocontainer   Wir produzieren Container und B\u00fcrocontainer f\u00fcr Unternehmen und Privathaushalte in verschiedenen Gr\u00f6\u00dfen\",\"potentialAction\":[{\"@type\":\"SearchAction\",\"target\":{\"@type\":\"EntryPoint\",\"urlTemplate\":\"https:\\\/\\\/modernecontainer.de\\\/?s={search_term_string}\"},\"query-input\":{\"@type\":\"PropertyValueSpecification\",\"valueRequired\":true,\"valueName\":\"search_term_string\"}}],\"inLanguage\":\"pl-PL\"}]}<\/script>\n<!-- \/ Yoast SEO plugin. -->","yoast_head_json":{"title":"PAWILON 14 - B\u00fcrocontainer Mederne Cointainer","robots":{"index":"index","follow":"follow","max-snippet":"max-snippet:-1","max-image-preview":"max-image-preview:large","max-video-preview":"max-video-preview:-1"},"canonical":"https:\/\/modernecontainer.de\/index.php\/pawilon-14\/","og_locale":"pl_PL","og_type":"article","og_title":"PAWILON 14 - B\u00fcrocontainer Mederne Cointainer","og_description":"PAVILON 14&nbsp; Sehr gute Qualit\u00e4t, Wir produzieren seit mehreren Jahren Pavillons Liferung +\/- 5\u00a0 woche 6x3m\u00a0 bis 10x3m \u00a0 neu und unbesch\u00e4digt 6x3-7999 euro netto + kran neu und unbesch\u00e4digt\u00a0 5x3 -7499 Euro netto + KRAN Neuer Container, unbenutzt, aber W\u00e4nde zweiter Wahl \u2013 Kratzer, Dellen oder Farbunterschiede m\u00f6glich \u00a02 -wahl 6x3-7499 euro netto + [&hellip;]","og_url":"https:\/\/modernecontainer.de\/index.php\/pawilon-14\/","og_site_name":"B\u00fcrocontainer Mederne Cointainer","article_publisher":"http:\/\/modernecontainer.de","article_modified_time":"2026-02-20T09:46:45+00:00","twitter_card":"summary_large_image","twitter_site":"@DAMPOL","schema":{"@context":"https:\/\/schema.org","@graph":[{"@type":"WebPage","@id":"https:\/\/modernecontainer.de\/index.php\/pawilon-14\/","url":"https:\/\/modernecontainer.de\/index.php\/pawilon-14\/","name":"PAWILON 14 - B\u00fcrocontainer Mederne Cointainer","isPartOf":{"@id":"https:\/\/modernecontainer.de\/#website"},"datePublished":"2023-06-21T08:53:07+00:00","dateModified":"2026-02-20T09:46:45+00:00","breadcrumb":{"@id":"https:\/\/modernecontainer.de\/index.php\/pawilon-14\/#breadcrumb"},"inLanguage":"pl-PL","potentialAction":[{"@type":"ReadAction","target":["https:\/\/modernecontainer.de\/index.php\/pawilon-14\/"]}]},{"@type":"BreadcrumbList","@id":"https:\/\/modernecontainer.de\/index.php\/pawilon-14\/#breadcrumb","itemListElement":[{"@type":"ListItem","position":1,"name":"Home","item":"https:\/\/modernecontainer.de\/"},{"@type":"ListItem","position":2,"name":"PAWILON 14"}]},{"@type":"WebSite","@id":"https:\/\/modernecontainer.de\/#website","url":"https:\/\/modernecontainer.de\/","name":"Dampol Pawilony","description":"B\u00fcrocontainer   Wir produzieren Container und B\u00fcrocontainer f\u00fcr Unternehmen und Privathaushalte in verschiedenen Gr\u00f6\u00dfen","potentialAction":[{"@type":"SearchAction","target":{"@type":"EntryPoint","urlTemplate":"https:\/\/modernecontainer.de\/?s={search_term_string}"},"query-input":{"@type":"PropertyValueSpecification","valueRequired":true,"valueName":"search_term_string"}}],"inLanguage":"pl-PL"}]}},"_links":{"self":[{"href":"https:\/\/modernecontainer.de\/index.php\/wp-json\/wp\/v2\/pages\/1517","targetHints":{"allow":["GET"]}}],"collection":[{"href":"https:\/\/modernecontainer.de\/index.php\/wp-json\/wp\/v2\/pages"}],"about":[{"href":"https:\/\/modernecontainer.de\/index.php\/wp-json\/wp\/v2\/types\/page"}],"author":[{"embeddable":true,"href":"https:\/\/modernecontainer.de\/index.php\/wp-json\/wp\/v2\/users\/1"}],"replies":[{"embeddable":true,"href":"https:\/\/modernecontainer.de\/index.php\/wp-json\/wp\/v2\/comments?post=1517"}],"version-history":[{"count":18,"href":"https:\/\/modernecontainer.de\/index.php\/wp-json\/wp\/v2\/pages\/1517\/revisions"}],"predecessor-version":[{"id":2499,"href":"https:\/\/modernecontainer.de\/index.php\/wp-json\/wp\/v2\/pages\/1517\/revisions\/2499"}],"wp:attachment":[{"href":"https:\/\/modernecontainer.de\/index.php\/wp-json\/wp\/v2\/media?parent=1517"}],"curies":[{"name":"wp","href":"https:\/\/api.w.org\/{rel}","templated":true}]}}