{"id":1366,"date":"2022-12-05T15:11:26","date_gmt":"2022-12-05T14:11:26","guid":{"rendered":"https:\/\/modernecontainer.de\/?page_id=1366"},"modified":"2025-09-11T21:21:06","modified_gmt":"2025-09-11T19:21:06","slug":"pawilon-8","status":"publish","type":"page","link":"https:\/\/modernecontainer.de\/index.php\/pawilon-8\/","title":{"rendered":"PAWILON 8"},"content":{"rendered":"<p>[et_pb_section fb_built=&#8221;1&#8243; _builder_version=&#8221;4.16&#8243; global_colors_info=&#8221;{}&#8221;][et_pb_row column_structure=&#8221;1_3,2_3&#8243; _builder_version=&#8221;4.16&#8243; global_colors_info=&#8221;{}&#8221;][et_pb_column type=&#8221;1_3&#8243; _builder_version=&#8221;4.16&#8243; global_colors_info=&#8221;{}&#8221;][et_pb_text _builder_version=&#8221;4.19.2&#8243; header_font=&#8221;Poppins|600||on|||||&#8221; header_text_color=&#8221;#181724&#8243; header_font_size=&#8221;35px&#8221; header_line_height=&#8221;1.2em&#8221; header_font_size_tablet=&#8221;&#8221; header_font_size_phone=&#8221;25px&#8221; header_font_size_last_edited=&#8221;on|desktop&#8221; global_colors_info=&#8221;{}&#8221;]<\/p>\n<h1>PAVILON 8<\/h1>\n<p>[\/et_pb_text][et_pb_divider color=&#8221;#C11414&#8243; divider_weight=&#8221;4px&#8221; _builder_version=&#8221;4.16&#8243; max_width=&#8221;60px&#8221; module_alignment=&#8221;left&#8221; custom_margin=&#8221;-9px||&#8221; custom_margin_tablet=&#8221;-22px||16px&#8221; custom_margin_phone=&#8221;-24px||15px&#8221; custom_margin_last_edited=&#8221;on|tablet&#8221; global_colors_info=&#8221;{}&#8221;][\/et_pb_divider][et_pb_text _builder_version=&#8221;4.27.4&#8243; text_font=&#8221;Poppins||||||||&#8221; text_text_color=&#8221;#171724&#8243; text_font_size=&#8221;15px&#8221; text_line_height=&#8221;2em&#8221; max_width=&#8221;516px&#8221; max_width_tablet=&#8221;100%&#8221; max_width_phone=&#8221;&#8221; max_width_last_edited=&#8221;on|desktop&#8221; custom_margin=&#8221;-15px||&#8221; custom_padding=&#8221;|||||true&#8221; hover_enabled=&#8221;0&#8243; text_text_align=&#8221;left&#8221; global_colors_info=&#8221;{}&#8221; sticky_enabled=&#8221;0&#8243;]<\/p>\n<p>Sehr gute Qualit\u00e4t,<br \/>Wir produzieren seit mehreren Jahren Pavillons<br \/>Der Preis beinhaltet keine Werbung auf dem Dach<\/p>\n<p>9x6m &#8211; 28999 euro netto<\/p>\n<p>8x5m -24999 euro netto<\/p>\n<p>Elektrische Au\u00dfenjalousien und LED-Au\u00dfenbeleuchtung, die auf dem Foto zu sehen sind, sind gegen Aufpreis erh\u00e4ltlich<\/p>\n<p>Lieferung + Montage ca. 8 Wochen<\/p>\n<p>&nbsp;<\/p>\n<p style=\"font-weight: 400;\"><strong>DER TRANSPORT UND DAS POSITIONIEREN DES CONTAINERS VOR ORT MIT UNSEREM AUTOKRAN IST KOSTENFREI<\/strong><\/p>\n<p style=\"font-weight: 400;\">Zum Kauf steht eine<strong><span>\u00a0<\/span>900x600cm<\/strong><span>\u00a0<\/span>zeitlos moderne und ganzj\u00e4hrige B\u00fcro- und Wohn- Containeranlage.<\/p>\n<p style=\"font-weight: 400;\">All unsere Container sind auf einem sehr stabilen Rahmen gebaut, sowie f\u00fcr den Transport mit Kranhaken versehen. Dadurch ist es m\u00f6glich, den Container mehrfach zu transportieren.<\/p>\n<p style=\"font-weight: 400;\">Bei Bedarf bauen wir auch Container mit Statik und vorgegebener\u00a0Dokumentation sowie technischer Planung.<\/p>\n<p style=\"font-weight: 400;\">Der Boden wurde aus 100 mm dicken Polyurethan-Kern\u00a0(W\u00e4rmedurchgangskoeffizient 0,22 W\/m2K)\u00a0und die W\u00e4nde sowie das Dach aus\u00a0100 mm\u00a0dicken Polystyrol-Kern\u00a0Sandwichplatten gefertigt.<\/p>\n<p style=\"font-weight: 400;\">Im Preis inbegriffen\u00a0ist\u00a0die Elektrik (Sicherungskasten, Deckenleuchten, Doppelsteckdosen, Schalter).<\/p>\n<p style=\"font-weight: 400;\">Es besteht die\u00a0\u00a0M\u00f6glichkeit weitere Fenster, Glasvitrinen, T\u00fcren, sowie eine Klimaanlage einzubauen. Unsere Klimaanlage besitzt zudem die Funktion der Ionisierung und filtert Partikel, wie z.B Bakterien und Viren, Pollen, Milbeneier und\u00a0 -ausscheidungen, St\u00e4ube, Aerosole und Rauchpartikel. Die Klimaanlage kostet inkl. Montage und Garantie nur 1599,- Euro. <strong>\u00a0 -4,4 KW<\/strong><\/p>\n<p style=\"font-weight: 400;\"><strong>3,4 kw &#8211; 1099 euro netto\u00a0<\/strong><\/p>\n<p style=\"font-weight: 400;\">Zus\u00e4tzlich\u00a0k\u00f6nnen\u00a0wir Ihnen eine Raumunterteilung\u00a0im Container anbieten, wie z.B ein komplett ausgestattetes\u00a0Badezimmer mit Dusche, Waschbecken, Toilette oder eine K\u00fcche mit bereits eingebauter K\u00fcchenzeile.<\/p>\n<p style=\"font-weight: 400;\">Sie k\u00f6nnen\u00a0den Container au\u00dfen sowie innen individuell nach Ihren Bed\u00fcrfnissen und W\u00fcnschen\u00a0zusammenstellen, wir bieten auch andere Farben, Gr\u00f6\u00dfen und Design<\/p>\n<p>Lieferung + Montage ca. 9 Wochen<\/p>\n<p>geschwei\u00dfte Pavillonkonstruktion<\/p>\n<p>Der Preis beinhaltet den Transport und das Entladen mit unserem Kran<\/p>\n<p>&nbsp;<\/p>\n<p>F\u00fcr Unternehmen mit EU USt-IdNr. wird keine MwSt. berechnet (Preis gleich Mitnahmepreis).<\/p>\n<p>Transport ist im Preis inbegriffen<\/p>\n<p>12 Monate Gew\u00e4hrleistung<\/p>\n<p>Der Pavillon besteht aus Sandwichelementen mit einem 100 mm dicken Schaumkern. Feuerhemmendes Polystyrolschaum mit Feuerwiderstandsklasse E60 &#8211; RAL 7016 Anthrazit (Graphit) &#8211; W\u00e4rmedurchl\u00e4ssigkeit 0,38 W \/ m2K. Styropor nicht brandausbreitend mit Feuerwiderstandsklasse E60: RAL-Au\u00dfenfarbe zu bestimmen.<\/p>\n<p>Der Boden besteht aus Sandwichelementen mit einem Kern aus 100 mm Polyurethan. W\u00e4rmedurchl\u00e4ssigkeit 0,21 W \/ m2K. Feuerhemmendes Polyurethan mit PVC-Bodenbelag der Feuerwiderstandsklasse E60 OSB 12 mm.<\/p>\n<p>.LED-Beleuchtung<br \/>12 Monate Gew\u00e4hrleistung<br \/>Verkaufspavillon Verkaufscontainer B\u00fcrocontainer Handel Kiosk Designerb\u00fcro<\/p>\n<p>&nbsp;<\/p>\n<p>Wc &#8211; 1099 euro netto &#8211; Toilettentisch,\u00a0 Waschbecken, Wasserhahn, Schrank f\u00fcr das Waschbecken und Warmwasserbereitung<\/p>\n<p>Bad + WC &#8211; 1799 euro netto (Toilettentisch, Duschkabine, Waschbecken, Wasserhahn, Schrank f\u00fcr das Waschbecken und Warmwasserbereitung\u00a0 \u00a0)<\/p>\n<p>899 euro netto &#8211; Minik\u00fcche mit Wasserhahn, Sp\u00fcle und im Tisch versteckter Warmwasserbereitung &#8211; graue Hochglanztische<\/p>\n<p>&nbsp;<\/p>\n<p>Pavillons mit voller Elektrik &#8211; Schalter , Doppelsteckdose . Kasten mit Sicherungen, alle in Streifen verteilt.<br \/>Sites x2 + verglaste Aluminiumt\u00fcren.<\/p>\n<p>Bei Ausf\u00fchrung der Bestellung ist zun\u00e4chst eine Zahlung von 15% auf das Konto Der Restbetrag ist bei Lieferung zu zahlen<\/p>\n<p>[\/et_pb_text][\/et_pb_column][et_pb_column type=&#8221;2_3&#8243; _builder_version=&#8221;4.16&#8243; global_colors_info=&#8221;{}&#8221;][et_pb_gallery gallery_ids=&#8221;2073,2075,1302,1305,1988,1304,1301,1300,1308,1309,1310,1311,1314,1221,1222,1685,1686,1956,2304,2303,2302&#8243; posts_number=&#8221;25&#8243; show_title_and_caption=&#8221;off&#8221; show_pagination=&#8221;off&#8221; zoom_icon_color=&#8221;#000000&#8243; hover_overlay_color=&#8221;rgba(255,255,255,0.49)&#8221; hover_icon=&#8221;&#x54;||divi||400&#8243; _builder_version=&#8221;4.27.4&#8243; hover_enabled=&#8221;0&#8243; global_colors_info=&#8221;{}&#8221; sticky_enabled=&#8221;0&#8243;][\/et_pb_gallery][\/et_pb_column][\/et_pb_row][\/et_pb_section][et_pb_section fb_built=&#8221;1&#8243; _builder_version=&#8221;4.16&#8243; background_color=&#8221;#15224D&#8221; custom_padding=&#8221;24px||24px||true&#8221; global_colors_info=&#8221;{}&#8221;][et_pb_row use_custom_gutter=&#8221;on&#8221; gutter_width=&#8221;2&#8243; make_equal=&#8221;on&#8221; _builder_version=&#8221;4.16&#8243; width=&#8221;98%&#8221; width_tablet=&#8221;90%&#8221; width_phone=&#8221;90%&#8221; width_last_edited=&#8221;on|tablet&#8221; max_width=&#8221;1140px&#8221; max_width_tablet=&#8221;90%&#8221; max_width_phone=&#8221;90%&#8221; max_width_last_edited=&#8221;on|phone&#8221; custom_padding=&#8221;|||||&#8221; global_colors_info=&#8221;{}&#8221;][et_pb_column type=&#8221;4_4&#8243; _builder_version=&#8221;4.16&#8243; global_colors_info=&#8221;{}&#8221;][et_pb_text _builder_version=&#8221;4.16&#8243; header_font=&#8221;Poppins|600||on|||||&#8221; header_text_align=&#8221;left&#8221; header_text_color=&#8221;#ffffff&#8221; header_font_size=&#8221;28px&#8221; header_line_height=&#8221;1.2em&#8221; custom_padding=&#8221;5px||&#8221; header_font_size_tablet=&#8221;&#8221; header_font_size_phone=&#8221;25px&#8221; header_font_size_last_edited=&#8221;on|desktop&#8221; global_colors_info=&#8221;{}&#8221;]<\/p>\n<h1 style=\"text-align: center;\">E-mail<\/p>\n<p>KOMMERZIELLE PAVILLONS<br \/>\n<\/h1>\n<p>[\/et_pb_text][\/et_pb_column][\/et_pb_row][\/et_pb_section]<\/p>\n","protected":false},"excerpt":{"rendered":"<p>PAVILON 8Sehr gute Qualit\u00e4t,Wir produzieren seit mehreren Jahren PavillonsDer Preis beinhaltet keine Werbung auf dem Dach 9x6m &#8211; 28999 euro netto 8x5m -24999 euro netto Elektrische Au\u00dfenjalousien und LED-Au\u00dfenbeleuchtung, die auf dem Foto zu sehen sind, sind gegen Aufpreis erh\u00e4ltlich Lieferung + Montage ca. 8 Wochen &nbsp; DER TRANSPORT UND DAS POSITIONIEREN DES CONTAINERS VOR [&hellip;]<\/p>\n","protected":false},"author":1,"featured_media":0,"parent":0,"menu_order":0,"comment_status":"closed","ping_status":"closed","template":"","meta":{"_et_pb_use_builder":"on","_et_pb_old_content":"","_et_gb_content_width":"","footnotes":""},"class_list":["post-1366","page","type-page","status-publish","hentry"],"yoast_head":"<!-- This site is optimized with the Yoast SEO plugin v27.4 - https:\/\/yoast.com\/product\/yoast-seo-wordpress\/ -->\n<title>PAWILON 8 - B\u00fcrocontainer Mederne Cointainer<\/title>\n<meta name=\"robots\" content=\"index, follow, max-snippet:-1, max-image-preview:large, max-video-preview:-1\" \/>\n<link rel=\"canonical\" href=\"https:\/\/modernecontainer.de\/index.php\/pawilon-8\/\" \/>\n<meta property=\"og:locale\" content=\"pl_PL\" \/>\n<meta property=\"og:type\" content=\"article\" \/>\n<meta property=\"og:title\" content=\"PAWILON 8 - B\u00fcrocontainer Mederne Cointainer\" \/>\n<meta property=\"og:description\" content=\"PAVILON 8Sehr gute Qualit\u00e4t,Wir produzieren seit mehreren Jahren PavillonsDer Preis beinhaltet keine Werbung auf dem Dach 9x6m - 28999 euro netto 8x5m -24999 euro netto Elektrische Au\u00dfenjalousien und LED-Au\u00dfenbeleuchtung, die auf dem Foto zu sehen sind, sind gegen Aufpreis erh\u00e4ltlich Lieferung + Montage ca. 8 Wochen &nbsp; DER TRANSPORT UND DAS POSITIONIEREN DES CONTAINERS VOR [&hellip;]\" \/>\n<meta property=\"og:url\" content=\"https:\/\/modernecontainer.de\/index.php\/pawilon-8\/\" \/>\n<meta property=\"og:site_name\" content=\"B\u00fcrocontainer Mederne Cointainer\" \/>\n<meta property=\"article:publisher\" content=\"http:\/\/modernecontainer.de\" \/>\n<meta property=\"article:modified_time\" content=\"2025-09-11T19:21:06+00:00\" \/>\n<meta name=\"twitter:card\" content=\"summary_large_image\" \/>\n<meta name=\"twitter:site\" content=\"@DAMPOL\" \/>\n<meta name=\"twitter:label1\" content=\"Szacowany czas czytania\" \/>\n\t<meta name=\"twitter:data1\" content=\"2 minuty\" \/>\n<script type=\"application\/ld+json\" class=\"yoast-schema-graph\">{\"@context\":\"https:\\\/\\\/schema.org\",\"@graph\":[{\"@type\":\"WebPage\",\"@id\":\"https:\\\/\\\/modernecontainer.de\\\/index.php\\\/pawilon-8\\\/\",\"url\":\"https:\\\/\\\/modernecontainer.de\\\/index.php\\\/pawilon-8\\\/\",\"name\":\"PAWILON 8 - B\u00fcrocontainer Mederne Cointainer\",\"isPartOf\":{\"@id\":\"https:\\\/\\\/modernecontainer.de\\\/#website\"},\"datePublished\":\"2022-12-05T14:11:26+00:00\",\"dateModified\":\"2025-09-11T19:21:06+00:00\",\"breadcrumb\":{\"@id\":\"https:\\\/\\\/modernecontainer.de\\\/index.php\\\/pawilon-8\\\/#breadcrumb\"},\"inLanguage\":\"pl-PL\",\"potentialAction\":[{\"@type\":\"ReadAction\",\"target\":[\"https:\\\/\\\/modernecontainer.de\\\/index.php\\\/pawilon-8\\\/\"]}]},{\"@type\":\"BreadcrumbList\",\"@id\":\"https:\\\/\\\/modernecontainer.de\\\/index.php\\\/pawilon-8\\\/#breadcrumb\",\"itemListElement\":[{\"@type\":\"ListItem\",\"position\":1,\"name\":\"Home\",\"item\":\"https:\\\/\\\/modernecontainer.de\\\/\"},{\"@type\":\"ListItem\",\"position\":2,\"name\":\"PAWILON 8\"}]},{\"@type\":\"WebSite\",\"@id\":\"https:\\\/\\\/modernecontainer.de\\\/#website\",\"url\":\"https:\\\/\\\/modernecontainer.de\\\/\",\"name\":\"Dampol Pawilony\",\"description\":\"B\u00fcrocontainer   Wir produzieren Container und B\u00fcrocontainer f\u00fcr Unternehmen und Privathaushalte in verschiedenen Gr\u00f6\u00dfen\",\"potentialAction\":[{\"@type\":\"SearchAction\",\"target\":{\"@type\":\"EntryPoint\",\"urlTemplate\":\"https:\\\/\\\/modernecontainer.de\\\/?s={search_term_string}\"},\"query-input\":{\"@type\":\"PropertyValueSpecification\",\"valueRequired\":true,\"valueName\":\"search_term_string\"}}],\"inLanguage\":\"pl-PL\"}]}<\/script>\n<!-- \/ Yoast SEO plugin. -->","yoast_head_json":{"title":"PAWILON 8 - B\u00fcrocontainer Mederne Cointainer","robots":{"index":"index","follow":"follow","max-snippet":"max-snippet:-1","max-image-preview":"max-image-preview:large","max-video-preview":"max-video-preview:-1"},"canonical":"https:\/\/modernecontainer.de\/index.php\/pawilon-8\/","og_locale":"pl_PL","og_type":"article","og_title":"PAWILON 8 - B\u00fcrocontainer Mederne Cointainer","og_description":"PAVILON 8Sehr gute Qualit\u00e4t,Wir produzieren seit mehreren Jahren PavillonsDer Preis beinhaltet keine Werbung auf dem Dach 9x6m - 28999 euro netto 8x5m -24999 euro netto Elektrische Au\u00dfenjalousien und LED-Au\u00dfenbeleuchtung, die auf dem Foto zu sehen sind, sind gegen Aufpreis erh\u00e4ltlich Lieferung + Montage ca. 8 Wochen &nbsp; DER TRANSPORT UND DAS POSITIONIEREN DES CONTAINERS VOR [&hellip;]","og_url":"https:\/\/modernecontainer.de\/index.php\/pawilon-8\/","og_site_name":"B\u00fcrocontainer Mederne Cointainer","article_publisher":"http:\/\/modernecontainer.de","article_modified_time":"2025-09-11T19:21:06+00:00","twitter_card":"summary_large_image","twitter_site":"@DAMPOL","twitter_misc":{"Szacowany czas czytania":"2 minuty"},"schema":{"@context":"https:\/\/schema.org","@graph":[{"@type":"WebPage","@id":"https:\/\/modernecontainer.de\/index.php\/pawilon-8\/","url":"https:\/\/modernecontainer.de\/index.php\/pawilon-8\/","name":"PAWILON 8 - B\u00fcrocontainer Mederne Cointainer","isPartOf":{"@id":"https:\/\/modernecontainer.de\/#website"},"datePublished":"2022-12-05T14:11:26+00:00","dateModified":"2025-09-11T19:21:06+00:00","breadcrumb":{"@id":"https:\/\/modernecontainer.de\/index.php\/pawilon-8\/#breadcrumb"},"inLanguage":"pl-PL","potentialAction":[{"@type":"ReadAction","target":["https:\/\/modernecontainer.de\/index.php\/pawilon-8\/"]}]},{"@type":"BreadcrumbList","@id":"https:\/\/modernecontainer.de\/index.php\/pawilon-8\/#breadcrumb","itemListElement":[{"@type":"ListItem","position":1,"name":"Home","item":"https:\/\/modernecontainer.de\/"},{"@type":"ListItem","position":2,"name":"PAWILON 8"}]},{"@type":"WebSite","@id":"https:\/\/modernecontainer.de\/#website","url":"https:\/\/modernecontainer.de\/","name":"Dampol Pawilony","description":"B\u00fcrocontainer   Wir produzieren Container und B\u00fcrocontainer f\u00fcr Unternehmen und Privathaushalte in verschiedenen Gr\u00f6\u00dfen","potentialAction":[{"@type":"SearchAction","target":{"@type":"EntryPoint","urlTemplate":"https:\/\/modernecontainer.de\/?s={search_term_string}"},"query-input":{"@type":"PropertyValueSpecification","valueRequired":true,"valueName":"search_term_string"}}],"inLanguage":"pl-PL"}]}},"_links":{"self":[{"href":"https:\/\/modernecontainer.de\/index.php\/wp-json\/wp\/v2\/pages\/1366","targetHints":{"allow":["GET"]}}],"collection":[{"href":"https:\/\/modernecontainer.de\/index.php\/wp-json\/wp\/v2\/pages"}],"about":[{"href":"https:\/\/modernecontainer.de\/index.php\/wp-json\/wp\/v2\/types\/page"}],"author":[{"embeddable":true,"href":"https:\/\/modernecontainer.de\/index.php\/wp-json\/wp\/v2\/users\/1"}],"replies":[{"embeddable":true,"href":"https:\/\/modernecontainer.de\/index.php\/wp-json\/wp\/v2\/comments?post=1366"}],"version-history":[{"count":20,"href":"https:\/\/modernecontainer.de\/index.php\/wp-json\/wp\/v2\/pages\/1366\/revisions"}],"predecessor-version":[{"id":2420,"href":"https:\/\/modernecontainer.de\/index.php\/wp-json\/wp\/v2\/pages\/1366\/revisions\/2420"}],"wp:attachment":[{"href":"https:\/\/modernecontainer.de\/index.php\/wp-json\/wp\/v2\/media?parent=1366"}],"curies":[{"name":"wp","href":"https:\/\/api.w.org\/{rel}","templated":true}]}}