{"id":1362,"date":"2022-12-05T15:11:47","date_gmt":"2022-12-05T14:11:47","guid":{"rendered":"https:\/\/modernecontainer.de\/?page_id=1362"},"modified":"2026-01-08T23:01:32","modified_gmt":"2026-01-08T22:01:32","slug":"pawilon-11","status":"publish","type":"page","link":"https:\/\/modernecontainer.de\/index.php\/pawilon-11\/","title":{"rendered":"PAWILON 11"},"content":{"rendered":"<p>[et_pb_section fb_built=&#8221;1&#8243; _builder_version=&#8221;4.16&#8243; global_colors_info=&#8221;{}&#8221;][et_pb_row column_structure=&#8221;1_3,2_3&#8243; _builder_version=&#8221;4.16&#8243; custom_padding=&#8221;|||12px||&#8221; global_colors_info=&#8221;{}&#8221;][et_pb_column type=&#8221;1_3&#8243; _builder_version=&#8221;4.16&#8243; global_colors_info=&#8221;{}&#8221;][et_pb_text _builder_version=&#8221;4.19.2&#8243; header_font=&#8221;Poppins|600||on|||||&#8221; header_text_color=&#8221;#181724&#8243; header_font_size=&#8221;35px&#8221; header_line_height=&#8221;1.2em&#8221; header_font_size_tablet=&#8221;&#8221; header_font_size_phone=&#8221;25px&#8221; header_font_size_last_edited=&#8221;on|desktop&#8221; global_colors_info=&#8221;{}&#8221;]<\/p>\n<h1>PAVILON 11<\/h1>\n<p>[\/et_pb_text][et_pb_divider color=&#8221;#C11414&#8243; divider_weight=&#8221;4px&#8221; _builder_version=&#8221;4.16&#8243; max_width=&#8221;60px&#8221; module_alignment=&#8221;left&#8221; custom_margin=&#8221;-9px||&#8221; custom_margin_tablet=&#8221;-22px||16px&#8221; custom_margin_phone=&#8221;-24px||15px&#8221; custom_margin_last_edited=&#8221;on|tablet&#8221; global_colors_info=&#8221;{}&#8221;][\/et_pb_divider][et_pb_text _builder_version=&#8221;4.27.4&#8243; text_font=&#8221;Poppins||||||||&#8221; text_text_color=&#8221;#171724&#8243; text_font_size=&#8221;15px&#8221; text_line_height=&#8221;2em&#8221; max_width=&#8221;516px&#8221; max_width_tablet=&#8221;100%&#8221; max_width_phone=&#8221;&#8221; max_width_last_edited=&#8221;on|desktop&#8221; custom_margin=&#8221;-15px|||10px||&#8221; custom_padding=&#8221;|0px||0px||true&#8221; text_text_align=&#8221;left&#8221; global_colors_info=&#8221;{}&#8221;]<\/p>\n<div>\n<div>Der angegebene Preis beinhaltet 0 % Mehrwertsteuer. Diese Mehrwertsteuer kann nur von Unternehmen mit einer g\u00fcltigen DE-Nummer (EU.ST.ID) erhoben werden. Bei Privatpersonen sind wir gesetzlich verpflichtet, auf den oben genannten Preis die Mehrwertsteuer in H\u00f6he von 19 % hinzuzurechnen.<\/div>\n<div><\/div>\n<div><span style=\"color: #ff0000;\">6&#215;3\u00a0 &#8211; 8299\u00a0 euro netto\u00a0 \u00a0+ kran Free<\/span><\/div>\n<div><span style=\"color: #ff0000;\">5&#215;3 &#8211; 7899 euro netto\u00a0 + kran Free<\/span><\/div>\n<div><\/div>\n<div><\/div>\n<div><span style=\"color: #0000ff;\"><\/span><\/div>\n<div><span style=\"color: #0000ff;\"><span>elektrische Jalousien \/ rollo\u00a0 an den Fenstern gegen Aufpreis<\/span><\/span><\/div>\n<div><span style=\"color: #0000ff;\"><\/span><\/div>\n<div><span style=\"color: #ff0000;\"><\/span><\/div>\n<div><span style=\"color: #ff0000;\"><\/span><\/div>\n<div>externe LED-Beleuchtung gegen Aufpreis<\/div>\n<div><\/div>\n<div>Warum lohnt es sich, unseren Pavillon zu w\u00e4hlen?<\/div>\n<div>\u2022\u00a0<b>Ganzj\u00e4hrig und isoliert, mit kompletter Elektrik \u2013 perfekt f\u00fcr jede Jahreszeit! Zus\u00e4tzlich gew\u00e4hren wir auf unsere Produkte eine 12-monatige Garantie.<\/b><\/div>\n<div><b>\u2022 \u00c4sthetik und Funktionalit\u00e4t<\/b><\/div>\n<div><b>\u2022 Wir verf\u00fcgen \u00fcber einen eigenen Garantie- und Nachgarantieservice in ganz Europa<\/b><\/div>\n<div><b>\u2022 Qualit\u00e4t durch positive Meinungen auf Eby und Google best\u00e4tigt<\/b><\/div>\n<div><b>\u2022 Wir verf\u00fcgen \u00fcber eine statische Dokumentation<\/b><\/div>\n<div><b>\u00a0<\/b><\/div>\n<div><b>Im Preis nicht enthalten sind die Kosten f\u00fcr die auf dem Foto sichtbaren Jalousien und die Klimaanlage. Diese Posten m\u00fcssen nach vorheriger Wertermittlung gesondert hinzugerechnet werden.<\/b><\/div>\n<div><\/div>\n<div><\/div>\n<div>Personalisierung immer zur Hand!<\/div>\n<div>Jeder unserer Pavillons kann an Ihre Bed\u00fcrfnisse angepasst werden. Wir bieten:<\/div>\n<div>\u2022 WC (Schrank mit Waschbecken, Heizung, PVC-Fenster)<\/div>\n<div>\u2022 Waschbecken mit Sp\u00fcle<\/div>\n<div>\u2022 Zus\u00e4tzliche R\u00e4ume (Kosten je nach Gr\u00f6\u00dfe)<\/div>\n<div>\u2022 Polyurethanschaum f\u00fcr bessere Isolierung<\/div>\n<div>\u2022 Klimaanlage mit Heiz-\/K\u00fchl- und Ionisationsfunktion (1099 Euro)<\/div>\n<div><\/div>\n<div><\/div>\n<div>Entladung und Lieferung im Preis inbegriffen!<\/div>\n<div>Den Transport und die Montage zum Kunden \u00fcbernehmen wir mit unserem eigenen HDS-Transport.<\/div>\n<div><\/div>\n<div>Vertrauen Sie den Profis! Unsere Pavillons sind das Ergebnis der Liebe zum Detail und der individuellen Herangehensweise an den Kunden. Wir fertigen jedes Projekt nach Ihren Ma\u00dfen und Vorlieben. Sie entscheiden \u00fcber das Erscheinungsbild Ihres Pavillons!<\/div>\n<\/div>\n<div><\/div>\n<div>BITTE KONTAKTIEREN SIE UNS BEZ\u00dcGLICH DER VERF\u00dcGBARKEIT UND LIEFERTERMINE SOWIE \u00c4NDERUNGSW\u00dcNSCHEN.<\/div>\n<p>[\/et_pb_text][\/et_pb_column][et_pb_column type=&#8221;2_3&#8243; _builder_version=&#8221;4.16&#8243; global_colors_info=&#8221;{}&#8221;][et_pb_gallery gallery_ids=&#8221;2357,2360,2339,2340,2341,1222,2342,1221,1669,2135,2302,2303,2304&#8243; posts_number=&#8221;25&#8243; show_title_and_caption=&#8221;off&#8221; show_pagination=&#8221;off&#8221; zoom_icon_color=&#8221;#000000&#8243; hover_overlay_color=&#8221;rgba(255,255,255,0.49)&#8221; hover_icon=&#8221;&#x54;||divi||400&#8243; _builder_version=&#8221;4.27.4&#8243; global_colors_info=&#8221;{}&#8221;][\/et_pb_gallery][\/et_pb_column][\/et_pb_row][\/et_pb_section][et_pb_section fb_built=&#8221;1&#8243; _builder_version=&#8221;4.16&#8243; background_color=&#8221;#15224D&#8221; custom_padding=&#8221;24px||24px||true&#8221; global_colors_info=&#8221;{}&#8221;][et_pb_row use_custom_gutter=&#8221;on&#8221; gutter_width=&#8221;2&#8243; make_equal=&#8221;on&#8221; _builder_version=&#8221;4.16&#8243; width=&#8221;98%&#8221; width_tablet=&#8221;90%&#8221; width_phone=&#8221;90%&#8221; width_last_edited=&#8221;on|tablet&#8221; max_width=&#8221;1140px&#8221; max_width_tablet=&#8221;90%&#8221; max_width_phone=&#8221;90%&#8221; max_width_last_edited=&#8221;on|phone&#8221; custom_padding=&#8221;|||||&#8221; global_colors_info=&#8221;{}&#8221;][et_pb_column type=&#8221;4_4&#8243; _builder_version=&#8221;4.16&#8243; global_colors_info=&#8221;{}&#8221;][et_pb_text _builder_version=&#8221;4.16&#8243; header_font=&#8221;Poppins|600||on|||||&#8221; header_text_align=&#8221;left&#8221; header_text_color=&#8221;#ffffff&#8221; header_font_size=&#8221;28px&#8221; header_line_height=&#8221;1.2em&#8221; custom_padding=&#8221;5px||&#8221; header_font_size_tablet=&#8221;&#8221; header_font_size_phone=&#8221;25px&#8221; header_font_size_last_edited=&#8221;on|desktop&#8221; global_colors_info=&#8221;{}&#8221;]<\/p>\n<h1 style=\"text-align: center;\">E-mail<\/p>\n<p>KOMMERZIELLE PAVILLONS<br \/>\n<\/h1>\n<p>[\/et_pb_text][\/et_pb_column][\/et_pb_row][\/et_pb_section]<\/p>\n","protected":false},"excerpt":{"rendered":"<p>PAVILON 11 Der angegebene Preis beinhaltet 0 % Mehrwertsteuer. Diese Mehrwertsteuer kann nur von Unternehmen mit einer g\u00fcltigen DE-Nummer (EU.ST.ID) erhoben werden. Bei Privatpersonen sind wir gesetzlich verpflichtet, auf den oben genannten Preis die Mehrwertsteuer in H\u00f6he von 19 % hinzuzurechnen. 6&#215;3\u00a0 &#8211; 8299\u00a0 euro netto\u00a0 \u00a0+ kran Free 5&#215;3 &#8211; 7899 euro netto\u00a0 + [&hellip;]<\/p>\n","protected":false},"author":1,"featured_media":0,"parent":0,"menu_order":0,"comment_status":"closed","ping_status":"closed","template":"","meta":{"_et_pb_use_builder":"on","_et_pb_old_content":"","_et_gb_content_width":"","footnotes":""},"class_list":["post-1362","page","type-page","status-publish","hentry"],"yoast_head":"<!-- This site is optimized with the Yoast SEO plugin v27.4 - https:\/\/yoast.com\/product\/yoast-seo-wordpress\/ -->\n<title>PAWILON 11 - B\u00fcrocontainer Mederne Cointainer<\/title>\n<meta name=\"robots\" content=\"index, follow, max-snippet:-1, max-image-preview:large, max-video-preview:-1\" \/>\n<link rel=\"canonical\" href=\"https:\/\/modernecontainer.de\/index.php\/pawilon-11\/\" \/>\n<meta property=\"og:locale\" content=\"pl_PL\" \/>\n<meta property=\"og:type\" content=\"article\" \/>\n<meta property=\"og:title\" content=\"PAWILON 11 - B\u00fcrocontainer Mederne Cointainer\" \/>\n<meta property=\"og:description\" content=\"PAVILON 11 Der angegebene Preis beinhaltet 0 % Mehrwertsteuer. Diese Mehrwertsteuer kann nur von Unternehmen mit einer g\u00fcltigen DE-Nummer (EU.ST.ID) erhoben werden. Bei Privatpersonen sind wir gesetzlich verpflichtet, auf den oben genannten Preis die Mehrwertsteuer in H\u00f6he von 19 % hinzuzurechnen. 6x3\u00a0 - 8299\u00a0 euro netto\u00a0 \u00a0+ kran Free 5x3 - 7899 euro netto\u00a0 + [&hellip;]\" \/>\n<meta property=\"og:url\" content=\"https:\/\/modernecontainer.de\/index.php\/pawilon-11\/\" \/>\n<meta property=\"og:site_name\" content=\"B\u00fcrocontainer Mederne Cointainer\" \/>\n<meta property=\"article:publisher\" content=\"http:\/\/modernecontainer.de\" \/>\n<meta property=\"article:modified_time\" content=\"2026-01-08T22:01:32+00:00\" \/>\n<meta name=\"twitter:card\" content=\"summary_large_image\" \/>\n<meta name=\"twitter:site\" content=\"@DAMPOL\" \/>\n<meta name=\"twitter:label1\" content=\"Szacowany czas czytania\" \/>\n\t<meta name=\"twitter:data1\" content=\"2 minuty\" \/>\n<script type=\"application\/ld+json\" class=\"yoast-schema-graph\">{\"@context\":\"https:\\\/\\\/schema.org\",\"@graph\":[{\"@type\":\"WebPage\",\"@id\":\"https:\\\/\\\/modernecontainer.de\\\/index.php\\\/pawilon-11\\\/\",\"url\":\"https:\\\/\\\/modernecontainer.de\\\/index.php\\\/pawilon-11\\\/\",\"name\":\"PAWILON 11 - B\u00fcrocontainer Mederne Cointainer\",\"isPartOf\":{\"@id\":\"https:\\\/\\\/modernecontainer.de\\\/#website\"},\"datePublished\":\"2022-12-05T14:11:47+00:00\",\"dateModified\":\"2026-01-08T22:01:32+00:00\",\"breadcrumb\":{\"@id\":\"https:\\\/\\\/modernecontainer.de\\\/index.php\\\/pawilon-11\\\/#breadcrumb\"},\"inLanguage\":\"pl-PL\",\"potentialAction\":[{\"@type\":\"ReadAction\",\"target\":[\"https:\\\/\\\/modernecontainer.de\\\/index.php\\\/pawilon-11\\\/\"]}]},{\"@type\":\"BreadcrumbList\",\"@id\":\"https:\\\/\\\/modernecontainer.de\\\/index.php\\\/pawilon-11\\\/#breadcrumb\",\"itemListElement\":[{\"@type\":\"ListItem\",\"position\":1,\"name\":\"Home\",\"item\":\"https:\\\/\\\/modernecontainer.de\\\/\"},{\"@type\":\"ListItem\",\"position\":2,\"name\":\"PAWILON 11\"}]},{\"@type\":\"WebSite\",\"@id\":\"https:\\\/\\\/modernecontainer.de\\\/#website\",\"url\":\"https:\\\/\\\/modernecontainer.de\\\/\",\"name\":\"Dampol Pawilony\",\"description\":\"B\u00fcrocontainer   Wir produzieren Container und B\u00fcrocontainer f\u00fcr Unternehmen und Privathaushalte in verschiedenen Gr\u00f6\u00dfen\",\"potentialAction\":[{\"@type\":\"SearchAction\",\"target\":{\"@type\":\"EntryPoint\",\"urlTemplate\":\"https:\\\/\\\/modernecontainer.de\\\/?s={search_term_string}\"},\"query-input\":{\"@type\":\"PropertyValueSpecification\",\"valueRequired\":true,\"valueName\":\"search_term_string\"}}],\"inLanguage\":\"pl-PL\"}]}<\/script>\n<!-- \/ Yoast SEO plugin. -->","yoast_head_json":{"title":"PAWILON 11 - B\u00fcrocontainer Mederne Cointainer","robots":{"index":"index","follow":"follow","max-snippet":"max-snippet:-1","max-image-preview":"max-image-preview:large","max-video-preview":"max-video-preview:-1"},"canonical":"https:\/\/modernecontainer.de\/index.php\/pawilon-11\/","og_locale":"pl_PL","og_type":"article","og_title":"PAWILON 11 - B\u00fcrocontainer Mederne Cointainer","og_description":"PAVILON 11 Der angegebene Preis beinhaltet 0 % Mehrwertsteuer. Diese Mehrwertsteuer kann nur von Unternehmen mit einer g\u00fcltigen DE-Nummer (EU.ST.ID) erhoben werden. Bei Privatpersonen sind wir gesetzlich verpflichtet, auf den oben genannten Preis die Mehrwertsteuer in H\u00f6he von 19 % hinzuzurechnen. 6x3\u00a0 - 8299\u00a0 euro netto\u00a0 \u00a0+ kran Free 5x3 - 7899 euro netto\u00a0 + [&hellip;]","og_url":"https:\/\/modernecontainer.de\/index.php\/pawilon-11\/","og_site_name":"B\u00fcrocontainer Mederne Cointainer","article_publisher":"http:\/\/modernecontainer.de","article_modified_time":"2026-01-08T22:01:32+00:00","twitter_card":"summary_large_image","twitter_site":"@DAMPOL","twitter_misc":{"Szacowany czas czytania":"2 minuty"},"schema":{"@context":"https:\/\/schema.org","@graph":[{"@type":"WebPage","@id":"https:\/\/modernecontainer.de\/index.php\/pawilon-11\/","url":"https:\/\/modernecontainer.de\/index.php\/pawilon-11\/","name":"PAWILON 11 - B\u00fcrocontainer Mederne Cointainer","isPartOf":{"@id":"https:\/\/modernecontainer.de\/#website"},"datePublished":"2022-12-05T14:11:47+00:00","dateModified":"2026-01-08T22:01:32+00:00","breadcrumb":{"@id":"https:\/\/modernecontainer.de\/index.php\/pawilon-11\/#breadcrumb"},"inLanguage":"pl-PL","potentialAction":[{"@type":"ReadAction","target":["https:\/\/modernecontainer.de\/index.php\/pawilon-11\/"]}]},{"@type":"BreadcrumbList","@id":"https:\/\/modernecontainer.de\/index.php\/pawilon-11\/#breadcrumb","itemListElement":[{"@type":"ListItem","position":1,"name":"Home","item":"https:\/\/modernecontainer.de\/"},{"@type":"ListItem","position":2,"name":"PAWILON 11"}]},{"@type":"WebSite","@id":"https:\/\/modernecontainer.de\/#website","url":"https:\/\/modernecontainer.de\/","name":"Dampol Pawilony","description":"B\u00fcrocontainer   Wir produzieren Container und B\u00fcrocontainer f\u00fcr Unternehmen und Privathaushalte in verschiedenen Gr\u00f6\u00dfen","potentialAction":[{"@type":"SearchAction","target":{"@type":"EntryPoint","urlTemplate":"https:\/\/modernecontainer.de\/?s={search_term_string}"},"query-input":{"@type":"PropertyValueSpecification","valueRequired":true,"valueName":"search_term_string"}}],"inLanguage":"pl-PL"}]}},"_links":{"self":[{"href":"https:\/\/modernecontainer.de\/index.php\/wp-json\/wp\/v2\/pages\/1362","targetHints":{"allow":["GET"]}}],"collection":[{"href":"https:\/\/modernecontainer.de\/index.php\/wp-json\/wp\/v2\/pages"}],"about":[{"href":"https:\/\/modernecontainer.de\/index.php\/wp-json\/wp\/v2\/types\/page"}],"author":[{"embeddable":true,"href":"https:\/\/modernecontainer.de\/index.php\/wp-json\/wp\/v2\/users\/1"}],"replies":[{"embeddable":true,"href":"https:\/\/modernecontainer.de\/index.php\/wp-json\/wp\/v2\/comments?post=1362"}],"version-history":[{"count":32,"href":"https:\/\/modernecontainer.de\/index.php\/wp-json\/wp\/v2\/pages\/1362\/revisions"}],"predecessor-version":[{"id":2472,"href":"https:\/\/modernecontainer.de\/index.php\/wp-json\/wp\/v2\/pages\/1362\/revisions\/2472"}],"wp:attachment":[{"href":"https:\/\/modernecontainer.de\/index.php\/wp-json\/wp\/v2\/media?parent=1362"}],"curies":[{"name":"wp","href":"https:\/\/api.w.org\/{rel}","templated":true}]}}