{"id":12,"date":"2019-11-29T15:26:45","date_gmt":"2019-11-29T14:26:45","guid":{"rendered":"https:\/\/modernecontainer.de\/index.php\/kontakt\/"},"modified":"2025-11-01T18:20:23","modified_gmt":"2025-11-01T17:20:23","slug":"kontakt","status":"publish","type":"page","link":"https:\/\/modernecontainer.de\/index.php\/kontakt\/","title":{"rendered":"KONTAKT"},"content":{"rendered":"<p>[et_pb_section fb_built=&#8221;1&#8243; custom_padding_last_edited=&#8221;on|phone&#8221; _builder_version=&#8221;4.16&#8243; use_background_color_gradient=&#8221;on&#8221; background_color_gradient_direction=&#8221;74deg&#8221; background_color_gradient_stops=&#8221;rgba(21,34,77,0.71) 50%|rgba(0,0,0,0) 50%&#8221; background_color_gradient_overlays_image=&#8221;on&#8221; background_color_gradient_start=&#8221;rgba(21,34,77,0.71)&#8221; background_color_gradient_start_position=&#8221;50%&#8221; background_color_gradient_end=&#8221;rgba(0,0,0,0)&#8221; background_color_gradient_end_position=&#8221;0%&#8221; background_image=&#8221;https:\/\/modernecontainer.de\/wp-content\/uploads\/2019\/11\/IMG-20191020-WA0025.jpg&#8221; custom_padding=&#8221;65px||65px||true|false&#8221; custom_padding_tablet=&#8221;&#8221; custom_padding_phone=&#8221;80px||160px|&#8221; background_last_edited=&#8221;on|phone&#8221; background_color_gradient_stops_tablet=&#8221;rgba(21,34,77,0.71) 70%|rgba(0,0,0,0) 70%&#8221; background_color_gradient_stops_phone=&#8221;rgba(21,34,77,0.71) 73%|rgba(0,0,0,0) 73%&#8221; background_color_gradient_start_position_tablet=&#8221;70%&#8221; background_color_gradient_start_position_phone=&#8221;73%&#8221; global_colors_info=&#8221;{}&#8221;][et_pb_row use_custom_gutter=&#8221;on&#8221; gutter_width=&#8221;2&#8243; make_equal=&#8221;on&#8221; _builder_version=&#8221;4.16&#8243; width=&#8221;98%&#8221; width_tablet=&#8221;90%&#8221; width_phone=&#8221;90%&#8221; width_last_edited=&#8221;on|tablet&#8221; max_width=&#8221;1140px&#8221; max_width_tablet=&#8221;90%&#8221; max_width_phone=&#8221;90%&#8221; max_width_last_edited=&#8221;on|phone&#8221; custom_padding=&#8221;11px|||||&#8221; animation_style=&#8221;slide&#8221; animation_direction=&#8221;left&#8221; global_colors_info=&#8221;{}&#8221;][et_pb_column type=&#8221;4_4&#8243; _builder_version=&#8221;4.16&#8243; global_colors_info=&#8221;{}&#8221;][et_pb_text _builder_version=&#8221;4.16&#8243; header_font=&#8221;Poppins|300|||||||&#8221; header_text_color=&#8221;#ffffff&#8221; header_font_size=&#8221;60px&#8221; header_line_height=&#8221;1.1em&#8221; header_font_size_tablet=&#8221;&#8221; header_font_size_phone=&#8221;30px&#8221; header_font_size_last_edited=&#8221;on|desktop&#8221; global_colors_info=&#8221;{}&#8221;]<\/p>\n<h1><strong>Dampol <\/strong><br \/>\n<\/h1>\n<p>[\/et_pb_text][\/et_pb_column][\/et_pb_row][\/et_pb_section][et_pb_section fb_built=&#8221;1&#8243; make_equal=&#8221;on&#8221; use_custom_gutter=&#8221;on&#8221; gutter_width=&#8221;2&#8243; specialty=&#8221;on&#8221; padding_top_1=&#8221;7%&#8221; padding_top_bottom_link_1=&#8221;false&#8221; padding_left_right_link_1=&#8221;false&#8221; _builder_version=&#8221;4.16&#8243; inner_width=&#8221;98%&#8221; inner_width_tablet=&#8221;90%&#8221; inner_width_phone=&#8221;90%&#8221; inner_width_last_edited=&#8221;on|phone&#8221; inner_max_width=&#8221;1140px&#8221; inner_max_width_tablet=&#8221;90%&#8221; inner_max_width_phone=&#8221;90%&#8221; inner_max_width_last_edited=&#8221;on|tablet&#8221; custom_padding=&#8221;0px||0px||true|&#8221; global_colors_info=&#8221;{}&#8221;][et_pb_column type=&#8221;1_2&#8243; _builder_version=&#8221;4.16&#8243; custom_padding=&#8221;|||&#8221; global_colors_info=&#8221;{}&#8221; custom_padding__hover=&#8221;|||&#8221;][et_pb_text _builder_version=&#8221;4.27.4&#8243; text_text_color=&#8221;#000000&#8243; header_font=&#8221;Poppins|600||on|||||&#8221; header_text_color=&#8221;#181724&#8243; header_font_size=&#8221;35px&#8221; header_line_height=&#8221;1.2em&#8221; hover_enabled=&#8221;0&#8243; header_font_size_tablet=&#8221;&#8221; header_font_size_phone=&#8221;25px&#8221; header_font_size_last_edited=&#8221;on|desktop&#8221; global_colors_info=&#8221;{}&#8221; sticky_enabled=&#8221;0&#8243;]<\/p>\n<h1 class=\"wp-block wp-block-kubio-heading  position-relative wp-block-kubio-heading__text style-ukjZtaF3MN-text style-local-25-text\" data-kubio=\"kubio\/heading\">Dampol Investment<\/h1>\n<h2><h>modernecontainer@web.de<\/h><\/h2>\n<p>Kontakt per schreiben Sie bitte an die E-Mail<br \/>Pavillons werden aus Polen hergestellt und transportiert.<\/p>\n<p>Wir haben bereits mehrere hundert Pavillons in Deutschland verkauft, willkommen, 12 Monate Garantie.<br \/><a href=\"mailto:modernecontainer@web.de\">modernecontainer@web.de<\/a><\/p>\n<p>&nbsp;<\/p>\n<p>Dampol Investment sp.o.o<\/p>\n<p><span>Czekan\u00f3w 42-677 Ul. Gliwicka 20a<\/span><br \/><span>NIP; 6452581961<\/span><\/p>\n<p>&nbsp;<\/p>\n<p>&nbsp;<\/p>\n<p><img loading=\"lazy\" decoding=\"async\" src=\"https:\/\/modernecontainer.de\/wp-content\/uploads\/2025\/11\/fgcfg-300x259.png\" width=\"300\" height=\"259\" alt=\"\" class=\"wp-image-2456 alignnone size-medium\" \/><\/p>\n<p>&nbsp;<\/p>\n<p>&nbsp;<\/p>\n<p><span>Bei Fragen einfach eine E-Mail\u00a0<\/span>schreiben<\/p>\n<h3><strong>Modernecontainer@web.de<\/strong><\/h3>\n<p>&nbsp;<\/p>\n<p>[\/et_pb_text][\/et_pb_column][et_pb_column type=&#8221;1_2&#8243; specialty_columns=&#8221;2&#8243; _builder_version=&#8221;4.16&#8243; custom_padding=&#8221;|||&#8221; global_colors_info=&#8221;{}&#8221; custom_padding__hover=&#8221;|||&#8221;][\/et_pb_column][\/et_pb_section][et_pb_section fb_built=&#8221;1&#8243; _builder_version=&#8221;4.16&#8243; background_color=&#8221;#15224D&#8221; custom_padding=&#8221;24px||24px||true&#8221; global_colors_info=&#8221;{}&#8221;][et_pb_row use_custom_gutter=&#8221;on&#8221; gutter_width=&#8221;2&#8243; make_equal=&#8221;on&#8221; _builder_version=&#8221;4.16&#8243; width=&#8221;98%&#8221; width_tablet=&#8221;90%&#8221; width_phone=&#8221;90%&#8221; width_last_edited=&#8221;on|tablet&#8221; max_width=&#8221;1140px&#8221; max_width_tablet=&#8221;90%&#8221; max_width_phone=&#8221;90%&#8221; max_width_last_edited=&#8221;on|phone&#8221; custom_padding=&#8221;|||||&#8221; global_colors_info=&#8221;{}&#8221;][et_pb_column type=&#8221;4_4&#8243; _builder_version=&#8221;4.16&#8243; global_colors_info=&#8221;{}&#8221;][et_pb_text _builder_version=&#8221;4.27.4&#8243; header_font=&#8221;Poppins|600||on|||||&#8221; header_text_align=&#8221;left&#8221; header_text_color=&#8221;#ffffff&#8221; header_font_size=&#8221;28px&#8221; header_line_height=&#8221;1.2em&#8221; custom_padding=&#8221;5px||&#8221; hover_enabled=&#8221;0&#8243; header_font_size_tablet=&#8221;&#8221; header_font_size_phone=&#8221;25px&#8221; header_font_size_last_edited=&#8221;on|desktop&#8221; global_colors_info=&#8221;{}&#8221; sticky_enabled=&#8221;0&#8243;]<\/p>\n<h1 style=\"text-align: center;\"><img loading=\"lazy\" decoding=\"async\" src=\"https:\/\/modernecontainer.de\/wp-content\/uploads\/2025\/11\/fgcfg-300x259.png\" width=\"300\" height=\"259\" alt=\"\" class=\"wp-image-2456 alignnone size-medium\" \/>E-mail<\/h1>\n<h2 style=\"text-align: center;\"><span style=\"color: #33cccc;\">Moderne<a href=\"mailto:Dampool@o2.pl\" target=\"_blank\" rel=\"noopener noreferrer\" style=\"color: #33cccc;\">container@web.de<\/a><\/span><\/h2>\n<p>[\/et_pb_text][\/et_pb_column][\/et_pb_row][\/et_pb_section]<\/p>\n","protected":false},"excerpt":{"rendered":"<p>Dampol Dampol Investment modernecontainer@web.de Kontakt per schreiben Sie bitte an die E-MailPavillons werden aus Polen hergestellt und transportiert. Wir haben bereits mehrere hundert Pavillons in Deutschland verkauft, willkommen, 12 Monate Garantie.modernecontainer@web.de &nbsp; Dampol Investment sp.o.o Czekan\u00f3w 42-677 Ul. Gliwicka 20aNIP; 6452581961 &nbsp; &nbsp; &nbsp; &nbsp; Bei Fragen einfach eine E-Mail\u00a0schreiben Modernecontainer@web.de &nbsp;E-mail Modernecontainer@web.de<\/p>\n","protected":false},"author":1,"featured_media":0,"parent":0,"menu_order":0,"comment_status":"closed","ping_status":"closed","template":"","meta":{"_et_pb_use_builder":"on","_et_pb_old_content":"","_et_gb_content_width":"","footnotes":""},"class_list":["post-12","page","type-page","status-publish","hentry"],"yoast_head":"<!-- This site is optimized with the Yoast SEO plugin v27.4 - https:\/\/yoast.com\/product\/yoast-seo-wordpress\/ -->\n<title>B\u00fcrocontainer - Dampol<\/title>\n<meta name=\"description\" content=\"B\u00fcrocontainer Wir produzieren Container und B\u00fcrocontainer f\u00fcr Unternehmen und Privathaushalte in verschiedenen Gr\u00f6\u00dfen\" \/>\n<meta name=\"robots\" content=\"index, follow, max-snippet:-1, max-image-preview:large, max-video-preview:-1\" \/>\n<link rel=\"canonical\" href=\"https:\/\/modernecontainer.de\/index.php\/kontakt\/\" \/>\n<meta property=\"og:locale\" content=\"pl_PL\" \/>\n<meta property=\"og:type\" content=\"article\" \/>\n<meta property=\"og:title\" content=\"B\u00fcrocontainer - Dampol\" \/>\n<meta property=\"og:description\" content=\"B\u00fcrocontainer Wir produzieren Container und B\u00fcrocontainer f\u00fcr Unternehmen und Privathaushalte in verschiedenen Gr\u00f6\u00dfen\" \/>\n<meta property=\"og:url\" content=\"https:\/\/modernecontainer.de\/index.php\/kontakt\/\" \/>\n<meta property=\"og:site_name\" content=\"B\u00fcrocontainer Mederne Cointainer\" \/>\n<meta property=\"article:publisher\" content=\"http:\/\/modernecontainer.de\" \/>\n<meta property=\"article:modified_time\" content=\"2025-11-01T17:20:23+00:00\" \/>\n<meta property=\"og:image\" content=\"https:\/\/modernecontainer.de\/wp-content\/uploads\/2025\/11\/fgcfg.png\" \/>\n\t<meta property=\"og:image:width\" content=\"616\" \/>\n\t<meta property=\"og:image:height\" content=\"532\" \/>\n\t<meta property=\"og:image:type\" content=\"image\/png\" \/>\n<meta name=\"twitter:card\" content=\"summary_large_image\" \/>\n<meta name=\"twitter:site\" content=\"@DAMPOL\" \/>\n<meta name=\"twitter:label1\" content=\"Szacowany czas czytania\" \/>\n\t<meta name=\"twitter:data1\" content=\"3 minuty\" \/>\n<script type=\"application\/ld+json\" class=\"yoast-schema-graph\">{\"@context\":\"https:\\\/\\\/schema.org\",\"@graph\":[{\"@type\":\"WebPage\",\"@id\":\"https:\\\/\\\/modernecontainer.de\\\/index.php\\\/kontakt\\\/\",\"url\":\"https:\\\/\\\/modernecontainer.de\\\/index.php\\\/kontakt\\\/\",\"name\":\"B\u00fcrocontainer - Dampol\",\"isPartOf\":{\"@id\":\"https:\\\/\\\/modernecontainer.de\\\/#website\"},\"primaryImageOfPage\":{\"@id\":\"https:\\\/\\\/modernecontainer.de\\\/index.php\\\/kontakt\\\/#primaryimage\"},\"image\":{\"@id\":\"https:\\\/\\\/modernecontainer.de\\\/index.php\\\/kontakt\\\/#primaryimage\"},\"thumbnailUrl\":\"https:\\\/\\\/modernecontainer.de\\\/wp-content\\\/uploads\\\/2025\\\/11\\\/fgcfg-300x259.png\",\"datePublished\":\"2019-11-29T14:26:45+00:00\",\"dateModified\":\"2025-11-01T17:20:23+00:00\",\"description\":\"B\u00fcrocontainer Wir produzieren Container und B\u00fcrocontainer f\u00fcr Unternehmen und Privathaushalte in verschiedenen Gr\u00f6\u00dfen\",\"breadcrumb\":{\"@id\":\"https:\\\/\\\/modernecontainer.de\\\/index.php\\\/kontakt\\\/#breadcrumb\"},\"inLanguage\":\"pl-PL\",\"potentialAction\":[{\"@type\":\"ReadAction\",\"target\":[\"https:\\\/\\\/modernecontainer.de\\\/index.php\\\/kontakt\\\/\"]}]},{\"@type\":\"ImageObject\",\"inLanguage\":\"pl-PL\",\"@id\":\"https:\\\/\\\/modernecontainer.de\\\/index.php\\\/kontakt\\\/#primaryimage\",\"url\":\"https:\\\/\\\/modernecontainer.de\\\/wp-content\\\/uploads\\\/2025\\\/11\\\/fgcfg.png\",\"contentUrl\":\"https:\\\/\\\/modernecontainer.de\\\/wp-content\\\/uploads\\\/2025\\\/11\\\/fgcfg.png\",\"width\":616,\"height\":532},{\"@type\":\"BreadcrumbList\",\"@id\":\"https:\\\/\\\/modernecontainer.de\\\/index.php\\\/kontakt\\\/#breadcrumb\",\"itemListElement\":[{\"@type\":\"ListItem\",\"position\":1,\"name\":\"Home\",\"item\":\"https:\\\/\\\/modernecontainer.de\\\/\"},{\"@type\":\"ListItem\",\"position\":2,\"name\":\"KONTAKT\"}]},{\"@type\":\"WebSite\",\"@id\":\"https:\\\/\\\/modernecontainer.de\\\/#website\",\"url\":\"https:\\\/\\\/modernecontainer.de\\\/\",\"name\":\"Dampol Pawilony\",\"description\":\"B\u00fcrocontainer   Wir produzieren Container und B\u00fcrocontainer f\u00fcr Unternehmen und Privathaushalte in verschiedenen Gr\u00f6\u00dfen\",\"potentialAction\":[{\"@type\":\"SearchAction\",\"target\":{\"@type\":\"EntryPoint\",\"urlTemplate\":\"https:\\\/\\\/modernecontainer.de\\\/?s={search_term_string}\"},\"query-input\":{\"@type\":\"PropertyValueSpecification\",\"valueRequired\":true,\"valueName\":\"search_term_string\"}}],\"inLanguage\":\"pl-PL\"}]}<\/script>\n<!-- \/ Yoast SEO plugin. -->","yoast_head_json":{"title":"B\u00fcrocontainer - Dampol","description":"B\u00fcrocontainer Wir produzieren Container und B\u00fcrocontainer f\u00fcr Unternehmen und Privathaushalte in verschiedenen Gr\u00f6\u00dfen","robots":{"index":"index","follow":"follow","max-snippet":"max-snippet:-1","max-image-preview":"max-image-preview:large","max-video-preview":"max-video-preview:-1"},"canonical":"https:\/\/modernecontainer.de\/index.php\/kontakt\/","og_locale":"pl_PL","og_type":"article","og_title":"B\u00fcrocontainer - Dampol","og_description":"B\u00fcrocontainer Wir produzieren Container und B\u00fcrocontainer f\u00fcr Unternehmen und Privathaushalte in verschiedenen Gr\u00f6\u00dfen","og_url":"https:\/\/modernecontainer.de\/index.php\/kontakt\/","og_site_name":"B\u00fcrocontainer Mederne Cointainer","article_publisher":"http:\/\/modernecontainer.de","article_modified_time":"2025-11-01T17:20:23+00:00","og_image":[{"width":616,"height":532,"url":"https:\/\/modernecontainer.de\/wp-content\/uploads\/2025\/11\/fgcfg.png","type":"image\/png"}],"twitter_card":"summary_large_image","twitter_site":"@DAMPOL","twitter_misc":{"Szacowany czas czytania":"3 minuty"},"schema":{"@context":"https:\/\/schema.org","@graph":[{"@type":"WebPage","@id":"https:\/\/modernecontainer.de\/index.php\/kontakt\/","url":"https:\/\/modernecontainer.de\/index.php\/kontakt\/","name":"B\u00fcrocontainer - Dampol","isPartOf":{"@id":"https:\/\/modernecontainer.de\/#website"},"primaryImageOfPage":{"@id":"https:\/\/modernecontainer.de\/index.php\/kontakt\/#primaryimage"},"image":{"@id":"https:\/\/modernecontainer.de\/index.php\/kontakt\/#primaryimage"},"thumbnailUrl":"https:\/\/modernecontainer.de\/wp-content\/uploads\/2025\/11\/fgcfg-300x259.png","datePublished":"2019-11-29T14:26:45+00:00","dateModified":"2025-11-01T17:20:23+00:00","description":"B\u00fcrocontainer Wir produzieren Container und B\u00fcrocontainer f\u00fcr Unternehmen und Privathaushalte in verschiedenen Gr\u00f6\u00dfen","breadcrumb":{"@id":"https:\/\/modernecontainer.de\/index.php\/kontakt\/#breadcrumb"},"inLanguage":"pl-PL","potentialAction":[{"@type":"ReadAction","target":["https:\/\/modernecontainer.de\/index.php\/kontakt\/"]}]},{"@type":"ImageObject","inLanguage":"pl-PL","@id":"https:\/\/modernecontainer.de\/index.php\/kontakt\/#primaryimage","url":"https:\/\/modernecontainer.de\/wp-content\/uploads\/2025\/11\/fgcfg.png","contentUrl":"https:\/\/modernecontainer.de\/wp-content\/uploads\/2025\/11\/fgcfg.png","width":616,"height":532},{"@type":"BreadcrumbList","@id":"https:\/\/modernecontainer.de\/index.php\/kontakt\/#breadcrumb","itemListElement":[{"@type":"ListItem","position":1,"name":"Home","item":"https:\/\/modernecontainer.de\/"},{"@type":"ListItem","position":2,"name":"KONTAKT"}]},{"@type":"WebSite","@id":"https:\/\/modernecontainer.de\/#website","url":"https:\/\/modernecontainer.de\/","name":"Dampol Pawilony","description":"B\u00fcrocontainer   Wir produzieren Container und B\u00fcrocontainer f\u00fcr Unternehmen und Privathaushalte in verschiedenen Gr\u00f6\u00dfen","potentialAction":[{"@type":"SearchAction","target":{"@type":"EntryPoint","urlTemplate":"https:\/\/modernecontainer.de\/?s={search_term_string}"},"query-input":{"@type":"PropertyValueSpecification","valueRequired":true,"valueName":"search_term_string"}}],"inLanguage":"pl-PL"}]}},"_links":{"self":[{"href":"https:\/\/modernecontainer.de\/index.php\/wp-json\/wp\/v2\/pages\/12","targetHints":{"allow":["GET"]}}],"collection":[{"href":"https:\/\/modernecontainer.de\/index.php\/wp-json\/wp\/v2\/pages"}],"about":[{"href":"https:\/\/modernecontainer.de\/index.php\/wp-json\/wp\/v2\/types\/page"}],"author":[{"embeddable":true,"href":"https:\/\/modernecontainer.de\/index.php\/wp-json\/wp\/v2\/users\/1"}],"replies":[{"embeddable":true,"href":"https:\/\/modernecontainer.de\/index.php\/wp-json\/wp\/v2\/comments?post=12"}],"version-history":[{"count":64,"href":"https:\/\/modernecontainer.de\/index.php\/wp-json\/wp\/v2\/pages\/12\/revisions"}],"predecessor-version":[{"id":2457,"href":"https:\/\/modernecontainer.de\/index.php\/wp-json\/wp\/v2\/pages\/12\/revisions\/2457"}],"wp:attachment":[{"href":"https:\/\/modernecontainer.de\/index.php\/wp-json\/wp\/v2\/media?parent=12"}],"curies":[{"name":"wp","href":"https:\/\/api.w.org\/{rel}","templated":true}]}}